{"id":1065,"date":"2024-04-15T11:56:12","date_gmt":"2024-04-15T11:56:12","guid":{"rendered":"https:\/\/mint-team.fr\/?page_id=1065"},"modified":"2024-04-15T12:04:15","modified_gmt":"2024-04-15T12:04:15","slug":"pr-aurelie-tasiemski-2","status":"publish","type":"page","link":"https:\/\/mint-team.fr\/index.php\/pr-aurelie-tasiemski-2\/","title":{"rendered":"PR Aur\u00e9lie Tasiemski"},"content":{"rendered":"\n<p class=\"has-nv-c-1-color has-text-color has-link-color has-large-font-size wp-elements-135b3877b82603b23e9f85613bbde2d7\"><strong>Articles<\/strong><\/p>\n\n\n\n<p>Quartiles assigned in accordance to 2022 Scimago journal &amp; country rank data<\/p>\n\n\n\n<p>1.&nbsp;&nbsp; Cuvillier-Hot, V., Gaudron, S.M., Massol, F., Boidin-Wichlacz, C., Pennel, T., Lesven, L., Net, S., Papot, C., Ravaux, J., Vekemans, X., Billon, G., Tasiemski, A. (2018). Immune failure reveals vulnerability of populations exposed to pollution in the bioindicator species <em>Hediste diversicolor<\/em>. STOTEN. <a href=\"https:\/\/doi.org\/10.1016\/j.scitotenv.2017.08.259%20\">https:\/\/doi.org\/10.1016\/j.scitotenv.2017.08.259<\/a>. (Q1)<\/p>\n\n\n\n<p>2.&nbsp;&nbsp; Thomas, F., Donnadieu,E., Charriere, G.M., Jacqueline, C.,Tasiemski, A., Pujol, P., Renaud, F., Roche, B., Hamede, R., Brown, J., Gatenby, R., Ujvari, B. (2018) Is adaptive therapy natural? PLoS Biology. <a href=\"https:\/\/doi.org\/10.1371\/journal.pbio.2007066\">https:\/\/doi.org\/10.1371\/journal.pbio.2007066<\/a>. (Q1)<\/p>\n\n\n\n<p>3.&nbsp;&nbsp; Giraudeau, M., Sepp, T., Ujvari, B., Renaud, F., Tasiemski, A., Roche, B., Capp, J.P., Thomas, F. (2019). Differences in mutational processes and intra-tumour heterogeneity between organs: The local selective filter hypothesis. Evol Med Public Health, <a href=\"https:\/\/doi.org\/10.1093\/emph\/eoz017%20\">https:\/\/doi.org\/10.1093\/emph\/eoz017<\/a>. (Q1)<\/p>\n\n\n\n<p>4.&nbsp;&nbsp; Bellec, L., Bonavita, M. A. C., Hourdez, S., Jebbar, M., Tasiemski, A., Durand, L., Gayet, N., Zeppilli, D. (2019). Chemosynthetic ectosymbionts associated with a shallow-water marine nematode. Scientific Reports, <a href=\"https:\/\/doi.org\/10.1038\/s41598-019-43517-8\">https:\/\/doi.org\/10.1038\/s41598-019-43517-8<\/a>. (Q1)<\/p>\n\n\n\n<p>5.&nbsp;&nbsp; Dahl, J. E., Bertrand, M., Pierre, A., Curtit, B., Pillard, C., Tasiemski, A., Convey, P., Renault, D. (2019). Thermal tolerance patterns of a carabid beetle sampled along invasion and altitudinal gradients at a sub-Antarctic island. Journal of Thermal Biology, <a href=\"https:\/\/doi.org\/10.1016\/j.jtherbio.2019.102447%20\">https:\/\/doi.org\/10.1016\/j.jtherbio.2019.102447<\/a>. (Q1)<\/p>\n\n\n\n<p>6.&nbsp;&nbsp; Bernier, C., Boidin-Wichlacz, C., Tasiemski, A., Hautek\u00e8ete, N., Massol, F., Cuvillier-Hot, V. (2019) Transgenerational Immune Priming in the Field: Maternal Environmental Experience Leads to Differential Immune Transfer to Oocytes in the Marine Annelid <em>Hediste diversicolor<\/em>. Genes, <a href=\"https:\/\/doi.org\/10.3390\/genes10120989\">https:\/\/doi.org\/10.3390\/genes10120989<\/a>. (Q2)<\/p>\n\n\n\n<p>7.&nbsp;&nbsp; Fr\u00e9d\u00e9ric, T., Giraudeau, M., Gouzerh, F., Boutry, J., Renaud, F., Pujol, P., Tasiemski, A., Bernex, F., Maraver, A., Bousquet, E., Dormont, L., Osterkamp, J., Roche, B., Hamede, R., Ujvari, B. (2020) The evolution of resistance and tolerance as cancer defences. Parasitology. <a href=\"https:\/\/doi.org\/10.1017\/S0031182019001501%20\">https:\/\/doi.org\/10.1017\/S0031182019001501<\/a>. (Q1)<\/p>\n\n\n\n<p><a>8.\u00a0\u00a0 <\/a>Le Bloa, S., Boidin-Wichlacz, C., Cueff-Gauchard, V., Rosa, R.D., Cuvillier-Hot, V., Durand, L., Methou, P., Pradillon, F., Cambon-Bonavita, M.A., Tasiemski, A. (2020) Antimicrobial Peptides and Ectosymbiotic Relationships: Involvement of a Novel Type IIa Crustin in the Life Cycle of a Deep-Sea Vent Shrimp. Front Immunol.<a> <\/a><a href=\"https:\/\/doi.org\/10.3389\/fimmu.2020.01511\">https:\/\/doi.org\/10.3389\/fimmu.2020.01511<\/a>.(Q1)<\/p>\n\n\n\n<p>9.&nbsp;&nbsp; Iltis, C., Moreau, J., Gamb, G., Mani\u00e8re, C., Boidin-Wichlacz, C.,Tasiemski, A., Thi\u00e9ry, D., Lou\u00e2pre, P. (2021) Day\/night variations of feeding and immune activities in larvae of the European grapevine moth, <em>Lobesia botrana.<\/em> Entomologia Generalis. https:\/\/<a href=\"https:\/\/doi.org\/10.1127\/entomologia\/2021\/1208\">doi: 10.1127\/entomologia\/2021\/1208<\/a>. (Q1)<\/p>\n\n\n\n<p>10. Hourdez, H.,<a> Boidin-Wichlacz, C.,Jollivet, D.,<\/a> Massol, F., Rayol, M.C., Bruno, R., Zeppilli, D.,Thomas, F., Lesven, L., Billon, G., Duperron, S., Tasiemski, A. (2021) Investigation of <em>Capitella<\/em> spp. symbionts in the context of varying anthropic pressures: First occurrence of a transient advantageous epibiosis with the giant bacteria <em>Thiomargarita sp<\/em>. to survive seasonal increases of sulfides in sediments, STOTEN. <a href=\"https:\/\/doi.org\/10.1016\/j.scitotenv.2021.149149%20\">https:\/\/doi.org\/10.1016\/j.scitotenv.2021.149149<\/a>. (Q1)<\/p>\n\n\n\n<p>11. Bruno, R., Zeppilli, D., Boidin-Wichlacz, C., Roberto, S., Tasiemski, A. (2021). Screening for antibacterial molecules in meiobenthic nematodes belonging to the Oncholaimidae family. Cahiers de Biologie Marine. <a href=\"http:\/\/dx.doi.org\/10.21411\/CBM.A.D87636D\">http:\/\/dx.doi.org\/10.21411\/CBM.A.D87636D<\/a>. (Q4)<\/p>\n\n\n\n<p>12. Boidin-Wichlacz, C.,Jollivet, D.,Papot, C., Roisin, L., Massol, F., Tasiemski, A. (2021) Genetic diversification and life-cycle of the polychaete Capitella spp. from the English Channel: evidence for sympatric cryptic species and alternative reproductive strategies. Marine Biology. <a href=\"https:\/\/doi.org\/10.1007\/s00227-021-03972-2\">https:\/\/doi.org\/10.1007\/s00227-021-03972-2<\/a>. (Q1)<\/p>\n\n\n\n<p>13. Tissot, S., G\u00e9rard, A.L., Boutry, J., Dujon, A.M., Russel, T., Siddle, H., Tasiemski, A., Meliani, J., Hamede, R., Roche, B., Ujvari, B., Thomas, F. (2022) Transmissible Cancer Evolution: The Under-Estimated Role of Environmental Factors in the \u201cPerfect Storm\u201d Theory&#8221;. Pathogens<a href=\"file:\/\/\/C:\/Users\/atasiemski\/Downloads\/,%20https:\/doi.org\/10.3390\/pathogens11020241\">, https:\/\/doi.org\/10.3390\/pathogens11020241<\/a> (Q1)<\/p>\n\n\n\n<p>14. Boulart, C., Rouxel, O., Scalabrin, C., Le Meur, P., Pelleter, E., Poitrimol, C., Thi\u00e9baut, E., Matabos, M., Castel, J., Tran Lu Y, A., Michel, L.N., Cathalot, C., Ch\u00e9ron, S., Boissier, A., Germain, Y., Guyader, V., Arnaud-Haond, S., Bonhomme, F., Broquet, T., Cueff-Gauchard, V., Le Layec, V., L\u2019Haridon, S., Mary, J., Le Port, A.S., Tasiemski, A., Kuama, D.C., Hourdez S., Jollivet, D. (2022) Active hydrothermal vents in the Woodlark Basin may act as dispersing centres for hydrothermal fauna. Commun Earth Environ<a href=\"file:\/\/\/C:\/Users\/atasiemski\/Downloads\/.%20https:\/doi.org\/10.1038\/s43247-022-00387-9\">. https:\/\/doi.org\/10.1038\/s43247-022-00387-9<\/a>. (Q1)<\/p>\n\n\n\n<p>15. Dujon, A.M., Tasiemski, A., Pujol, P., Turpin, A., Ujvari, &nbsp;B., Thomas, F. (2022) No evidence that spice consumption is a cancer prevention mechanism in human populations, Evolution, Medicine, and Public Health, <a href=\"https:\/\/doi.org\/10.1093\/emph\/eoac040\">https:\/\/doi.org\/10.1093\/emph\/eoac040<\/a> (Q1)<\/p>\n\n\n\n<p>16. Bruno, R., Boidin-Wichlacz, C., Melnyk, O., Zeppilli, D., Landon, C., Thomas, F., Cambon, M.A., Lafond, M. Mabrouk, K., Massol, F., Hourdez, H., Maresca, M., Jollivet, D., Tasiemski, A. (2023) The diversification of the antimicrobial peptides from marine worms is driven by environmental conditions, STOTEN <a href=\"https:\/\/doi.org\/10.1016\/j.scitotenv.2023.162875\">https:\/\/doi.org\/10.1016\/j.scitotenv.2023.162875<\/a>. (Q1)<\/p>\n\n\n\n<p>17. Desmet, R., Boidin-Wichlacz, C., Mhidia, R., Tasiemski, A., Agouridas, V., Melnyk, O. (2023). An Iron-Catalyzed Protein Desulfurization Method Reminiscent of Aquatic Chemistry. Angew. Chem. Int. Ed. 62, e202302648. <a href=\"https:\/\/doi.org\/10.1002\/anie.202302648.\">https:\/\/doi.org\/10.1002\/anie.202302648.<\/a> (Q1)<\/p>\n\n\n\n<p>18. Boidin-Wichlacz, C., Andersen, A.C., Jouy, N., Hourdez, H., Tasiemski, A. (2024)A single coelomic cell type is involved in both immune and respiratory functions of the coastal bioindicator annelid: Capitella C-Channel1 from the English Channel, Developmental &amp; Comparative Immunology, <a href=\"https:\/\/doi.org\/10.1016\/j.dci.2024.105132\">https:\/\/doi.org\/10.1016\/j.dci.2024.105132<\/a>. (Q1)<\/p>\n\n\n\n<p>19. Casanova, M., Maresca, M., Poncin, I., Point, V., Olleik, H., Boidin-Wichlacz, C., Tasiemski, A., Mabrouk, K., Cavalier, J.F., Canaan, S. (2024) Promising antibacterial efficacy of arenicin peptides against the emerging opportunistic pathogen <em>Mycobacterium abscessus<\/em>, Journal of Biomedical Science. <a href=\"https:\/\/doi.org\/10.1186\/s12929-024-01007-8\">https:\/\/doi.org\/10.1186\/s12929-024-01007-8<\/a>. (Q1)<\/p>\n\n\n\n<hr class=\"wp-block-separator has-alpha-channel-opacity\"\/>\n\n\n\n<p class=\"has-nv-c-1-color has-text-color has-link-color has-large-font-size wp-elements-83c81ac3e4c362eceef201c7b9982ce5\"><strong>Reviews<\/strong><\/p>\n\n\n\n<p>1.&nbsp;&nbsp; Zeppilli, D., Leduc, D., Fontanier, C., Fontaneto, D., Fuchs, S., Gooday, A. J., Goineau, A., Ingels, J., Ivanenko, V.N., Kristensen, R.N., Neves, R.C., Sanchez, N., Sandulli, R., Sarrazin, J., S\u00f8rensen, M.V., Tasiemski, A., Vanreusel, A., Autret, M., Bourdonnay, L., Claireaux, M., Coquill\u00e9, V., De Wever, L., Durand, R., Marchant, J., Toomey, L., Fernandes, D. (2018). Characteristics of meiofauna in extreme marine ecosystems: a review. Marine Biodiversity. <a href=\"https:\/\/doi.org\/10.1007\/s12526-017-0815-z\">https:\/\/doi.org\/10.1007\/s12526-017-0815-z<\/a> (Q2)<\/p>\n\n\n\n<p>2.&nbsp;&nbsp; Bruno, R., Maresca, M., Canaan, S., Cavalier, J. F., Mabrouk, K., Boidin-Wichlacz, C., Olleik, H., Zeppilli, D., Brodin, P., Massol, F., Jollivet, D., Jung, S., Tasiemski, A. (2019). Worms\u2019 antimicrobial peptides. Marine drugs, <a href=\"https:\/\/doi.org\/10.3390\/md17090512\">https:\/\/doi.org\/10.3390\/md17090512<\/a>. (Q1)<\/p>\n\n\n\n<p>3.&nbsp;&nbsp; Dujon, A., Brown, J.S., Destoumieux-Garzon, D., Vittecoq, M., Hamede, R., Tasiemski, A., Boutry, J., Tissot, S., Alix-Panabieres, C., Pujol, P., Renaud, F., Simard, F., Roche, B., Ujvari, B., Thomas, F. (2021), On the need for integrating cancer into the One Health perspective. Evolutionnary Applications.&nbsp; <a href=\"https:\/\/doi.org\/10.1111\/eva.13303%20\">https:\/\/doi.org\/10.1111\/eva.13303<\/a>. (Q1)<\/p>\n\n\n\n<p>4.\u00a0\u00a0 Daly, E.Z., Chabrerie, O., Massol, F., Facon, B., Hess, M.C.M., Tasiemski, A., Grandjean, F., Chauvat, M., Viard, F., Forey, E., Folcher, L.., Buisson, E., Boivin, T., Baltora-Rosset, S.,\u00a0 Ulmer, R., Gibert, P., Thi\u00e9baut, G., Pantel, J.H., Heger, T., Richardson, D.M., Renault, D. (2023) A synthesis of biological invasion hypotheses associated with the introduction\u2013naturalisation\u2013invasion continuum. Oikos. <a href=\"https:\/\/doi.org\/10.1111\/oik.09645\">https:\/\/doi.org\/10.1111\/oik.09645<\/a> (Q1)<\/p>\n\n\n\n<hr class=\"wp-block-separator has-alpha-channel-opacity\"\/>\n\n\n\n<p class=\"has-nv-c-1-color has-text-color has-link-color has-large-font-size wp-elements-4a29ce42b0228c5c7956e30dbff6aa90\"><strong>Patents &amp; Licenses<\/strong><\/p>\n\n\n\n<p>Antimicrobial peptides, variants and chemical analogues thereof and their uses, EP21306811.7, 16 dec 2021, SAAT Nord<\/p>\n\n\n\n<p>Inventors: Tasiemski, A, Boidin-Wichlacz, C., Maresca, M., Canaan, S., Mabrouk, K., Cavalier, J.M., Hourdez, S.<\/p>\n\n\n\n<hr class=\"wp-block-separator has-alpha-channel-opacity\"\/>\n\n\n\n<p class=\"has-nv-c-1-color has-text-color has-link-color has-large-font-size wp-elements-ac183d4681c544ed03d4237c452ea721\"><strong>Scientific Missions and Reports<\/strong><\/p>\n\n\n\n<p>2018 : Mission BICOSE 2, Research Vessel (R\/V) Pourquoi pas ? <a href=\"https:\/\/doi.org\/10.17600\/18000004\">https:\/\/doi.org\/10.17600\/18000004<\/a><\/p>\n\n\n\n<p>2019 : Mission CHUBACARC, R\/V L&#8217;Atalante, <a href=\"https:\/\/doi.org\/10.17600\/18001111\">https:\/\/doi.org\/10.17600\/18001111<\/a><\/p>\n\n\n\n<p>2019 : PROGRAMME <a href=\"https:\/\/institut-polaire.fr\/fr\/programmes_soutenus\/biodiversite-subantarctique-effets-des-changements-climatiques-et-des-invasions-biologiques-sur-la-biodiversite-terrestre\/\">IPEV 136 SUBANTECO<\/a>, R\/V Marion Dufresnes, \u00eeles Kerguelen<\/p>\n\n\n\n<p>2019&nbsp;: Panorama des recherches et des derniers r\u00e9sultats sur les pathog\u00e8nes en milieu polaire, <a href=\"https:\/\/institut-polaire.fr\/wp-content\/uploads\/2021\/06\/ipev-ra18_fr27032020.pdf\">IPEV report<\/a><\/p>\n\n\n\n<p>2020 : PROGRAMME IPEV 136 SUBANTECO et <a href=\"http:\/\/dx.doi.org\/10.13140\/RG.2.2.26918.04169\">IPEV 1044 PROTEKER<\/a>, R\/V Marion Dufresnes and La Curieuse, Iles Kerguelen<\/p>\n\n\n\n<p><\/p>\n","protected":false},"excerpt":{"rendered":"<p>Articles Quartiles assigned in accordance to 2022 Scimago journal &amp; country rank data 1.&nbsp;&nbsp; Cuvillier-Hot, V., Gaudron, S.M., Massol, F., Boidin-Wichlacz, C., Pennel, T., Lesven, L., Net, S., Papot, C., Ravaux, J., Vekemans, X., Billon, G., Tasiemski, A. (2018). Immune failure reveals vulnerability of populations exposed to pollution in the bioindicator species Hediste diversicolor. STOTEN.&hellip;&nbsp;<a href=\"https:\/\/mint-team.fr\/index.php\/pr-aurelie-tasiemski-2\/\" class=\"\" rel=\"bookmark\">Read More &raquo;<span class=\"screen-reader-text\">PR Aur\u00e9lie Tasiemski<\/span><\/a><\/p>\n","protected":false},"author":1,"featured_media":0,"parent":0,"menu_order":0,"comment_status":"closed","ping_status":"closed","template":"","meta":{"neve_meta_sidebar":"","neve_meta_container":"","neve_meta_enable_content_width":"","neve_meta_content_width":0,"neve_meta_title_alignment":"","neve_meta_author_avatar":"","neve_post_elements_order":"","neve_meta_disable_header":"","neve_meta_disable_footer":"","neve_meta_disable_title":"","_themeisle_gutenberg_block_has_review":false,"_ti_tpc_template_sync":false,"_ti_tpc_template_id":"","footnotes":""},"_links":{"self":[{"href":"https:\/\/mint-team.fr\/index.php\/wp-json\/wp\/v2\/pages\/1065"}],"collection":[{"href":"https:\/\/mint-team.fr\/index.php\/wp-json\/wp\/v2\/pages"}],"about":[{"href":"https:\/\/mint-team.fr\/index.php\/wp-json\/wp\/v2\/types\/page"}],"author":[{"embeddable":true,"href":"https:\/\/mint-team.fr\/index.php\/wp-json\/wp\/v2\/users\/1"}],"replies":[{"embeddable":true,"href":"https:\/\/mint-team.fr\/index.php\/wp-json\/wp\/v2\/comments?post=1065"}],"version-history":[{"count":2,"href":"https:\/\/mint-team.fr\/index.php\/wp-json\/wp\/v2\/pages\/1065\/revisions"}],"predecessor-version":[{"id":1076,"href":"https:\/\/mint-team.fr\/index.php\/wp-json\/wp\/v2\/pages\/1065\/revisions\/1076"}],"wp:attachment":[{"href":"https:\/\/mint-team.fr\/index.php\/wp-json\/wp\/v2\/media?parent=1065"}],"curies":[{"name":"wp","href":"https:\/\/api.w.org\/{rel}","templated":true}]}}