{"id":1333,"date":"2024-09-13T11:46:43","date_gmt":"2024-09-13T11:46:43","guid":{"rendered":"https:\/\/mint-team.fr\/?page_id=1333"},"modified":"2024-09-13T12:03:28","modified_gmt":"2024-09-13T12:03:28","slug":"magalie-senechal","status":"publish","type":"page","link":"https:\/\/mint-team.fr\/index.php\/magalie-senechal\/","title":{"rendered":"Magalie Senechal CV"},"content":{"rendered":"\n<div id=\"wp-block-themeisle-blocks-icon-list-742ce0f2\" class=\"wp-block-themeisle-blocks-icon-list\">\n<div id=\"wp-block-themeisle-blocks-icon-list-item-67a9d90e\" class=\"wp-block-themeisle-blocks-icon-list-item\"><i class=\"fas fa-phone wp-block-themeisle-blocks-icon-list-item-icon\"><\/i><p class=\"wp-block-themeisle-blocks-icon-list-item-content\"> +33 (0)3 20 87 12 18<\/p><\/div>\n\n\n\n<div id=\"wp-block-themeisle-blocks-icon-list-item-e3f24928\" class=\"wp-block-themeisle-blocks-icon-list-item\"><i class=\"fas fa-keyboard wp-block-themeisle-blocks-icon-list-item-icon\"><\/i><p class=\"wp-block-themeisle-blocks-icon-list-item-content\">Magalie.senechal@ibl.cnrs.fr<\/p><\/div>\n<\/div>\n\n\n\n<p>Date of birth\u00a0: 04\/11\/1977\u00a0; Nationality\u00a0: French<\/p>\n\n\n<div class=\"wp-block-image\">\n<figure class=\"aligncenter size-large is-resized\"><img loading=\"lazy\" decoding=\"async\" width=\"867\" height=\"1024\" src=\"http:\/\/mint-team.fr\/wp-content\/uploads\/2024\/09\/Magalie_2-867x1024.jpg\" alt=\"\" class=\"wp-image-1331\" style=\"width:auto;height:400px\" srcset=\"https:\/\/mint-team.fr\/wp-content\/uploads\/2024\/09\/Magalie_2-867x1024.jpg 867w, https:\/\/mint-team.fr\/wp-content\/uploads\/2024\/09\/Magalie_2-254x300.jpg 254w, https:\/\/mint-team.fr\/wp-content\/uploads\/2024\/09\/Magalie_2-768x908.jpg 768w, https:\/\/mint-team.fr\/wp-content\/uploads\/2024\/09\/Magalie_2.jpg 1266w\" sizes=\"(max-width: 867px) 100vw, 867px\" \/><\/figure><\/div>\n\n\n<div style=\"height:20px\" aria-hidden=\"true\" class=\"wp-block-spacer\"><\/div>\n\n\n\n<p class=\"has-nv-c-1-background-color has-background\">I contribute to the production and structural and functional study of synthetic or recombinant proteins. <\/p>\n\n\n\n<p class=\"has-nv-c-1-background-color has-background\">I&#8217;m responsible for the administrative and financial management of the team, as well as chemical safety manager of the research unit.<\/p>\n\n\n\n<p><strong>EDUCATION<\/strong><strong><\/strong><\/p>\n\n\n\n<p>2014 &#8211; Master degree Professional in Genomics and Proteomics-University of Lille, France<\/p>\n\n\n\n<p>2011 &#8211; Bachelor degree in Biology, University of Lille, France.<\/p>\n\n\n\n<p>2022 &#8211; Technician degree, University Paris XI, France.<\/p>\n\n\n\n<hr class=\"wp-block-separator has-alpha-channel-opacity\"\/>\n\n\n\n<p><strong>CURRENT<\/strong><strong> <\/strong><strong>P<\/strong><strong>O<\/strong><strong>SI<\/strong><strong>T<\/strong><strong>I<\/strong><strong>ON<\/strong><strong><\/strong><\/p>\n\n\n\n<p>Since 2005 &#8211; CNRS Research Assistant Engineer at the Center of Infection and Immunity of Lille (CIIL).<\/p>\n\n\n\n<hr class=\"wp-block-separator has-alpha-channel-opacity\"\/>\n\n\n\n<p><strong>PREVIOUS POSITIONS<\/strong><\/p>\n\n\n\n<p>2014 &#8211; Engineer, Roquette Freres, Lestrem, France.<\/p>\n\n\n\n<p>2005 &#8211; Technician Institut Pasteur Lille, France<\/p>\n\n\n\n<hr class=\"wp-block-separator has-alpha-channel-opacity\"\/>\n\n\n\n<p><strong>SELECTION OF FIVE RECENT PUBLICATIONS<\/strong><\/p>\n\n\n\n<figure class=\"wp-block-table\"><table><tbody><tr><td>1<\/td><td class=\"has-text-align-left\" data-align=\"left\">Ollivier, Nathalie, Magalie S\u00e9n\u00e9chal, R\u00e9mi Desmet, Beno\u00eet Snella, Vangelis Agouridas, et Oleg Melnyk. \u00ab\u00a0A biomimetic electrostatic assistance for guiding and promoting N-terminal protein chemical modification\u00a0\u00bb. <em>Nat. Commun.<\/em> 2022, 13, 6667. <a href=\"https:\/\/doi.org\/10.1038\/s41467-022-34392-5\">https:\/\/doi.org\/10.1038\/s41467-022-34392-5<\/a>.<\/td><\/tr><tr><td><strong>2<\/strong><\/td><td class=\"has-text-align-left\" data-align=\"left\">Senechal, M., J. Bouchenna, J. Vicogne, et O. Melnyk. \u00ab\u00a0Comment on \u201cN-terminal Protein Tail Acts as Aggregation Protective Entropic Bristles: The SUMO Case\u201d\u00a0\u00bb. <em>Biomacromolecules<\/em> 2020, 21: 3480\u201182. <a href=\"https:\/\/doi.org\/10.1021\/acs.biomac.0c00185\">https:\/\/doi.org\/10.1021\/acs.biomac.0c00185<\/a>.<\/td><\/tr><tr><td>3<\/td><td class=\"has-text-align-left\" data-align=\"left\">Bouchenna, Jennifer, Magalie S\u00e9n\u00e9chal, Herv\u00e9 Drobecq, J\u00e9r\u00f4me Vicogne, et Oleg Melnyk. \u00ab\u00a0Total Chemical Synthesis of All SUMO-2\/3 Dimer Combinations\u00a0\u00bb. <em>Bioconjugate Chem.<\/em> 2019, 30: 2967\u201173. <a href=\"https:\/\/doi.org\/10.1021\/acs.bioconjchem.9b00661\">https:\/\/doi.org\/10.1021\/acs.bioconjchem.9b00661<\/a>.<br><\/td><\/tr><tr><td>4<\/td><td class=\"has-text-align-left\" data-align=\"left\">Bouchenna, Jennifer, Magalie S\u00e9n\u00e9chal, Herv\u00e9 Drobecq, Nicolas Stankovic-Valentin, J\u00e9r\u00f4me Vicogne, et Oleg Melnyk. \u00ab\u00a0The Role of the Conserved SUMO-2\/3 Cysteine Residue on Domain Structure Investigated Using Protein Chemical Synthesis\u00a0\u00bb. <em>Bioconjugate Chemistry<\/em> 2019, 30: 2684\u201196. <a href=\"https:\/\/doi.org\/10.1021\/acs.bioconjchem.9b00598\">https:\/\/doi.org\/10.1021\/acs.bioconjchem.9b00598<\/a>.<\/td><\/tr><tr><td><strong>5<\/strong><\/td><td class=\"has-text-align-left\" data-align=\"left\">Drobecq, Herv\u00e9, Emmanuelle Boll, Magalie S\u00e9n\u00e9chal, R\u00e9mi Desmet, Jean-Michel Saliou, Jean-Jacques Lacap\u00e8re, Alexandra Mougel, J\u00e9r\u00f4me Vicogne, et Oleg Melnyk. \u00ab\u00a0A Central Cysteine Residue Is Essential for the Thermal Stability and Function of SUMO-1 Protein and SUMO-1 Peptide\u2013Protein Conjugates\u00a0\u00bb. <em>Bioconjugate Chemistry<\/em> 2016, 27: 1540\u201146. <a href=\"https:\/\/doi.org\/10.1021\/acs.bioconjchem.6b00211\">https:\/\/doi.org\/10.1021\/acs.bioconjchem.6b00211<\/a>.<br><\/td><\/tr><\/tbody><\/table><\/figure>\n","protected":false},"excerpt":{"rendered":"<p>Date of birth\u00a0: 04\/11\/1977\u00a0; Nationality\u00a0: French I contribute to the production and structural and functional study of synthetic or recombinant proteins. I&#8217;m responsible for the administrative and financial management of the team, as well as chemical safety manager of the research unit. EDUCATION 2014 &#8211; Master degree Professional in Genomics and Proteomics-University of Lille, France&hellip;&nbsp;<a href=\"https:\/\/mint-team.fr\/index.php\/magalie-senechal\/\" class=\"\" rel=\"bookmark\">Read More &raquo;<span class=\"screen-reader-text\">Magalie Senechal CV<\/span><\/a><\/p>\n","protected":false},"author":1,"featured_media":0,"parent":0,"menu_order":0,"comment_status":"closed","ping_status":"closed","template":"","meta":{"neve_meta_sidebar":"","neve_meta_container":"","neve_meta_enable_content_width":"","neve_meta_content_width":0,"neve_meta_title_alignment":"","neve_meta_author_avatar":"","neve_post_elements_order":"","neve_meta_disable_header":"","neve_meta_disable_footer":"","neve_meta_disable_title":"","_themeisle_gutenberg_block_has_review":false,"_ti_tpc_template_sync":false,"_ti_tpc_template_id":"","footnotes":""},"_links":{"self":[{"href":"https:\/\/mint-team.fr\/index.php\/wp-json\/wp\/v2\/pages\/1333"}],"collection":[{"href":"https:\/\/mint-team.fr\/index.php\/wp-json\/wp\/v2\/pages"}],"about":[{"href":"https:\/\/mint-team.fr\/index.php\/wp-json\/wp\/v2\/types\/page"}],"author":[{"embeddable":true,"href":"https:\/\/mint-team.fr\/index.php\/wp-json\/wp\/v2\/users\/1"}],"replies":[{"embeddable":true,"href":"https:\/\/mint-team.fr\/index.php\/wp-json\/wp\/v2\/comments?post=1333"}],"version-history":[{"count":2,"href":"https:\/\/mint-team.fr\/index.php\/wp-json\/wp\/v2\/pages\/1333\/revisions"}],"predecessor-version":[{"id":1348,"href":"https:\/\/mint-team.fr\/index.php\/wp-json\/wp\/v2\/pages\/1333\/revisions\/1348"}],"wp:attachment":[{"href":"https:\/\/mint-team.fr\/index.php\/wp-json\/wp\/v2\/media?parent=1333"}],"curies":[{"name":"wp","href":"https:\/\/api.w.org\/{rel}","templated":true}]}}