{"id":652,"date":"2024-02-14T18:01:41","date_gmt":"2024-02-14T18:01:41","guid":{"rendered":"https:\/\/mint-team.fr\/?page_id=652"},"modified":"2024-10-24T10:34:30","modified_gmt":"2024-10-24T10:34:30","slug":"publications-2020-2024","status":"publish","type":"page","link":"https:\/\/mint-team.fr\/index.php\/publications-2020-2024\/","title":{"rendered":"Publications"},"content":{"rendered":"\n<div id=\"wp-block-themeisle-blocks-advanced-columns-6724e485\" class=\"wp-block-themeisle-blocks-advanced-columns alignfull has-1-columns has-desktop-equal-layout has-tablet-equal-layout has-mobile-equal-layout has-vertical-top\"><div class=\"wp-block-themeisle-blocks-advanced-columns-overlay\"><\/div><div class=\"innerblocks-wrap\">\n<div id=\"wp-block-themeisle-blocks-advanced-column-0547e8cd\" class=\"wp-block-themeisle-blocks-advanced-column\">\n<h1 id=\"wp-block-themeisle-blocks-advanced-heading-5e26fe64\" class=\"wp-block-themeisle-blocks-advanced-heading wp-block-themeisle-blocks-advanced-heading-5e26fe64\"> publications<\/h1>\n<\/div>\n<\/div><\/div>\n\n\n\n<div id=\"wp-block-themeisle-blocks-advanced-columns-599a413e\" class=\"wp-block-themeisle-blocks-advanced-columns alignfull has-1-columns has-desktop-equal-layout has-tablet-equal-layout has-mobile-collapsedRows-layout has-vertical-center ticss-d532b0bf\"><div class=\"wp-block-themeisle-blocks-advanced-columns-overlay\"><\/div><div class=\"innerblocks-wrap\">\n<div id=\"wp-block-themeisle-blocks-advanced-column-b89e25a4\" class=\"wp-block-themeisle-blocks-advanced-column\">\n<div style=\"height:50px\" aria-hidden=\"true\" class=\"wp-block-spacer\"><\/div>\n\n\n\n<p class=\"has-medium-font-size\">Protocol for oxalyl thioester (oxoSEA)-mediated protein modification<\/p>\n\n\n\n<p class=\"has-medium-font-size\">Francesco Terzani, F.; Wang, C.; Rostami, S.; Desmet, R.; Snella, B.; S\u00e9n\u00e9chal, M.; Wiltschi, B.; Vicogne, J.; Melnyk, O.; Agouridas, V. STAR protocols <strong>2024<\/strong>, 5, 103390.<\/p>\n\n\n\n<p class=\"has-medium-font-size\">DOI: <a href=\"https:\/\/doi.org\/10.1016\/j.xpro.2024.103390\" target=\"_blank\" rel=\"noreferrer noopener\">10.1016\/j.xpro.2024.103390<\/a><\/p>\n\n\n<div class=\"wp-block-image\">\n<figure class=\"aligncenter size-full\"><a href=\"https:\/\/www.sciencedirect.com\/science\/article\/pii\/S2666166724005550\"><img loading=\"lazy\" decoding=\"async\" width=\"375\" height=\"375\" src=\"https:\/\/mint-team.fr\/wp-content\/uploads\/2024\/10\/1-s2.0-S2666166724005550-fx1.jpg\" alt=\"\" class=\"wp-image-1412\" srcset=\"https:\/\/mint-team.fr\/wp-content\/uploads\/2024\/10\/1-s2.0-S2666166724005550-fx1.jpg 375w, https:\/\/mint-team.fr\/wp-content\/uploads\/2024\/10\/1-s2.0-S2666166724005550-fx1-300x300.jpg 300w, https:\/\/mint-team.fr\/wp-content\/uploads\/2024\/10\/1-s2.0-S2666166724005550-fx1-150x150.jpg 150w\" sizes=\"(max-width: 375px) 100vw, 375px\" \/><\/a><\/figure><\/div>\n\n\n<hr class=\"wp-block-separator has-alpha-channel-opacity\"\/>\n\n\n\n<p class=\"has-medium-font-size\">Peptide Alkyl Thioester Synthesis from Advanced Thiols and Peptide Hydrazides<\/p>\n\n\n\n<p class=\"has-medium-font-size\">Di Adamo, Julie, Nathalie Ollivier, Sonia Cantel, Vincent Diemer, et Oleg Melnyk. J. Org. Chem. <strong>2024<\/strong>, 89, 13719-13724.<\/p>\n\n\n\n<p class=\"has-medium-font-size\">DOI: <a href=\"https:\/\/doi.org\/10.1021\/acs.joc.4c01251\">10.1021\/acs.joc.4c01251<\/a><\/p>\n\n\n<div class=\"wp-block-image\">\n<figure class=\"aligncenter size-large is-resized\"><a href=\"https:\/\/pubs.acs.org\/doi\/10.1021\/acs.joc.4c01251\"><img loading=\"lazy\" decoding=\"async\" width=\"1024\" height=\"435\" src=\"https:\/\/mint-team.fr\/wp-content\/uploads\/2024\/09\/TOC-1024x435.jpeg\" alt=\"\" class=\"wp-image-1377\" style=\"width:auto;height:300px\" srcset=\"https:\/\/mint-team.fr\/wp-content\/uploads\/2024\/09\/TOC-1024x435.jpeg 1024w, https:\/\/mint-team.fr\/wp-content\/uploads\/2024\/09\/TOC-300x127.jpeg 300w, https:\/\/mint-team.fr\/wp-content\/uploads\/2024\/09\/TOC-768x326.jpeg 768w, https:\/\/mint-team.fr\/wp-content\/uploads\/2024\/09\/TOC-1536x652.jpeg 1536w, https:\/\/mint-team.fr\/wp-content\/uploads\/2024\/09\/TOC-2048x870.jpeg 2048w\" sizes=\"(max-width: 1024px) 100vw, 1024px\" \/><\/a><\/figure><\/div>\n\n\n<hr class=\"wp-block-separator has-alpha-channel-opacity\"\/>\n\n\n\n<p class=\"has-medium-font-size\">Protein Desulfurization and Deselenization<\/p>\n\n\n\n<p class=\"has-medium-font-size\">Diemer, Vincent, Eliott Roy, Vangelis Agouridas, et Oleg Melnyk. Chem. Soc. Rev. <strong>2024<\/strong>, 53, 8521\u201145. <\/p>\n\n\n\n<p class=\"has-medium-font-size\">DOI: <a href=\"https:\/\/doi.org\/10.1039\/D4CS00135D\">10.1039\/D4CS00135D<\/a>.<\/p>\n\n\n<div class=\"wp-block-image\">\n<figure class=\"aligncenter size-full is-resized\"><img loading=\"lazy\" decoding=\"async\" width=\"302\" height=\"121\" src=\"https:\/\/mint-team.fr\/wp-content\/uploads\/2024\/09\/TOC.png\" alt=\"\" class=\"wp-image-1372\" style=\"width:auto;height:150px\" srcset=\"https:\/\/mint-team.fr\/wp-content\/uploads\/2024\/09\/TOC.png 302w, https:\/\/mint-team.fr\/wp-content\/uploads\/2024\/09\/TOC-300x120.png 300w\" sizes=\"(max-width: 302px) 100vw, 302px\" \/><\/figure><\/div>\n\n\n<hr class=\"wp-block-separator has-alpha-channel-opacity\"\/>\n\n\n\n<p class=\"has-medium-font-size\">Optimized protocols for RNA interference in Macrostomum lignano<\/p>\n\n\n\n<p class=\"has-medium-font-size\">Mouton, Stijn, Alexandra Mougel, Kirill Ustyantsev, Colette Dissous, Oleg Melnyk, Eugene Berezikov, et J\u00e9r\u00f4me Vicogne. G3 Genes|Genomes|Genetics <strong>2024<\/strong>, 14, jkae037. <\/p>\n\n\n\n<p class=\"has-medium-font-size\">DOI: <a href=\"https:\/\/doi.org\/10.1093\/g3journal\/jkae037\">10.1093\/g3journal\/jkae037<\/a><\/p>\n\n\n\n<hr class=\"wp-block-separator has-alpha-channel-opacity\"\/>\n\n\n\n<p class=\"has-medium-font-size\">Promising antibacterial efficacy of arenicin peptides against the emerging opportunistic pathogen <em>Mycobacterium abscessus<\/em><\/p>\n\n\n\n<p class=\"has-medium-font-size\">Magali Casanova, Magali, Maresca, Marc, Poncin, Isabelle, Point, Vanessa, Olleik, Hamza, Boidin\u2011Wichlacz, C\u00e9line, Tasiemski, Aur\u00e9lie, Mabrouk, Kamel, Cavalier, Jean\u2011Fran\u00e7ois, Canaan, St\u00e9phane.  J. Biomed. Sci. <strong>2024<\/strong>, 31, 18.<\/p>\n\n\n\n<p class=\"has-medium-font-size\">DOI: <a href=\"https:\/\/doi.org\/10.1186\/s12929-024-01007-8\">10.1186\/s12929-024-01007-8<\/a><\/p>\n\n\n\n<hr class=\"wp-block-separator has-alpha-channel-opacity\"\/>\n\n\n\n<p class=\"has-medium-font-size\">A single coelomic cell type is involved in both immune and respiratory functions of the coastal bioindicator annelid: Capitella C-Channel1 from the English Channel<\/p>\n\n\n\n<p class=\"has-medium-font-size\">Boidin-Wichlacz, C\u00e9line, Andersen, Ann C., Jouy, Nathalie, Hourdez, St\u00e9phane, Tasiemski, Aur\u00e9lie. Developmental &amp; Comparative Immunology <strong>2024<\/strong>, 153, 105132.<\/p>\n\n\n\n<p class=\"has-medium-font-size\"><a href=\"https:\/\/doi.org\/10.1016\/j.dci.2024.105132\">10.1016\/j.dci.2024.105132<\/a><\/p>\n\n\n\n<hr class=\"wp-block-separator has-alpha-channel-opacity\"\/>\n\n\n\n<p class=\"has-nv-text-dark-bg-color has-text-color has-link-color has-medium-font-size wp-elements-9ecafe47039f1b46e2247efec597e6a7\">An Iron-Catalyzed Protein Desulfurization Method Reminiscent of Aquatic Chemistry<\/p>\n\n\n\n<p class=\"has-medium-font-size\">Desmet, R.; Boidin-Wichlacz, C.; Mhidia, R.; Tasiemski, A.; Agouridas, O.; Melnyk, O. Angew. Chem. Int. Ed. <strong>2023<\/strong>, 62, e202302648.<\/p>\n\n\n\n<p class=\"has-medium-font-size\">DOI: <a href=\"https:\/\/onlinelibrary.wiley.com\/doi\/abs\/10.1002\/anie.202302648\">10.1002\/anie.202302648<\/a><\/p>\n\n\n<div class=\"wp-block-image\">\n<figure class=\"aligncenter size-large\"><img loading=\"lazy\" decoding=\"async\" width=\"1024\" height=\"221\" src=\"http:\/\/mint-team.fr\/wp-content\/uploads\/2024\/02\/ANIE2023_Desmet-1-1024x221.jpg\" alt=\"\" class=\"wp-image-600\" srcset=\"https:\/\/mint-team.fr\/wp-content\/uploads\/2024\/02\/ANIE2023_Desmet-1-1024x221.jpg 1024w, https:\/\/mint-team.fr\/wp-content\/uploads\/2024\/02\/ANIE2023_Desmet-1-300x65.jpg 300w, https:\/\/mint-team.fr\/wp-content\/uploads\/2024\/02\/ANIE2023_Desmet-1-768x166.jpg 768w, https:\/\/mint-team.fr\/wp-content\/uploads\/2024\/02\/ANIE2023_Desmet-1-1536x332.jpg 1536w, https:\/\/mint-team.fr\/wp-content\/uploads\/2024\/02\/ANIE2023_Desmet-1-2048x442.jpg 2048w\" sizes=\"(max-width: 1024px) 100vw, 1024px\" \/><\/figure><\/div>\n\n\n<hr class=\"wp-block-separator has-alpha-channel-opacity\"\/>\n\n\n\n<p class=\"has-nv-text-dark-bg-color has-text-color has-link-color has-medium-font-size wp-elements-412d8f112ebe77a453c4ef6cb60d5945\">The diversification of the antimicrobial peptides from marine worms is driven by environmental conditions<\/p>\n\n\n\n<p class=\"has-medium-font-size\">Bruno, R.; Boidin-Wichlacz, C.; Melnyk, O.; Zeppilli, D.; Landon, C.; Thomas, F.; Cambon, M.-A.; Lafond, M.; Mabrouk, K.; Massol, F.; Hourdez, S.; Maresca, M.; Jollivet, D.; Tasiemski, A. STOTEN <strong>2023<\/strong>, 879, 162875.<\/p>\n\n\n\n<p class=\"has-medium-font-size\">DOI: <a href=\"https:\/\/www.sciencedirect.com\/science\/article\/abs\/pii\/S0048969723014912\">10.1016\/j.scitotenv.2023.162875<\/a><\/p>\n\n\n\n<hr class=\"wp-block-separator has-alpha-channel-opacity\"\/>\n\n\n\n<p class=\"has-nv-text-dark-bg-color has-text-color has-link-color has-medium-font-size wp-elements-d3197cf0489d72429863c7b66d020116\">Electrostatic Assistance of 4-Mercaptophenylacetic acid catalyzed Native Chemical Ligation<\/p>\n\n\n\n<p class=\"has-medium-font-size\">Ollivier, N.&nbsp;; Roy, E.&nbsp;; Desmet, R.&nbsp;; Agouridas, V.; Diemer, V.;Melnyk, O. Org. Lett. <strong>2023<\/strong>, 25, 2696-2700.<\/p>\n\n\n\n<p class=\"has-medium-font-size\">DOI&nbsp;: <a href=\"https:\/\/pubs.acs.org\/doi\/abs\/10.1021\/acs.orglett.3c00796\">10.1021\/acs.orglett.3c00796<\/a><\/p>\n\n\n\n<hr class=\"wp-block-separator has-alpha-channel-opacity\"\/>\n\n\n\n<p class=\"has-nv-text-dark-bg-color has-text-color has-link-color has-medium-font-size wp-elements-5c0c1d7d4386ee2a959e8f6554b6228f\">Incorporation of a highly reactive oxalyl thioester-based interacting handle into proteins<\/p>\n\n\n\n<p class=\"has-medium-font-size\">Grain, B.; Desmet, R.; Snella, B.; Melnyk, O.; Agouridas, V. Org. Lett. <strong>2023<\/strong>, <em>25<\/em>, 5117-5122.<\/p>\n\n\n\n<p class=\"has-medium-font-size\">DOI: <a href=\"https:\/\/pubs.acs.org\/doi\/10.1021\/acs.orglett.3c01846\" target=\"_blank\" rel=\"noreferrer noopener\">10.1021\/acs.orglett.3c01846<\/a><\/p>\n\n\n\n<hr class=\"wp-block-separator has-alpha-channel-opacity\"\/>\n\n\n\n<p class=\"has-nv-text-dark-bg-color has-text-color has-link-color has-medium-font-size wp-elements-c6a9ed80d5962d9c8e67fbc2508d6374\">Pedal to the Metal: The Homogeneous Catalysis of the Native Chemical Ligation Reaction<\/p>\n\n\n\n<p class=\"has-medium-font-size\">Diemer, V.; Firstova, O.; Agouridas, V.; Melnyk, O. Chemistry <strong>2022<\/strong>, 28, e202281662.<\/p>\n\n\n\n<p class=\"has-medium-font-size\">DOI: <a href=\"https:\/\/chemistry-europe.onlinelibrary.wiley.com\/doi\/abs\/10.1002\/chem.202104229\">10.1002\/chem.202104229<\/a><\/p>\n\n\n\n<hr class=\"wp-block-separator has-alpha-channel-opacity\"\/>\n\n\n\n<p class=\"has-nv-text-dark-bg-color has-text-color has-link-color has-medium-font-size wp-elements-2dd1637b513aad3fb7f9a8480a899142\">Dimerization of kringle 1 domain from hepatocyte growth factor\/scatter factor provides a potent MET receptor agonist<\/p>\n\n\n\n<p class=\"has-medium-font-size\">de Nola, G.&nbsp;; Leclercq, B.&nbsp;; Mougel, A.&nbsp;;Taront, S.&nbsp;;Simonneau, C.&nbsp;;Forneris, F.&nbsp;;Adriaenssens, E.&nbsp;;Drobecq, H.&nbsp;;Iamele, L.&nbsp;;Dubuquoy, L.;Melnyk, O.; Gherardi, E.; de Jonge, H.;Vicogne, J. Life Sci. Alliance, <strong>2022<\/strong>, 12, e202201424.<\/p>\n\n\n\n<p class=\"has-medium-font-size\">DOI: <a href=\"https:\/\/www.life-science-alliance.org\/content\/5\/12\/e202201424\">10.26508\/lsa.202201424<\/a><\/p>\n\n\n<div class=\"wp-block-image\">\n<figure class=\"aligncenter size-large is-resized\"><img loading=\"lazy\" decoding=\"async\" width=\"1024\" height=\"630\" src=\"http:\/\/mint-team.fr\/wp-content\/uploads\/2024\/02\/K1K1_3_webP-1024x630.webp\" alt=\"\" class=\"wp-image-472\" style=\"width:500px\" srcset=\"https:\/\/mint-team.fr\/wp-content\/uploads\/2024\/02\/K1K1_3_webP-1024x630.webp 1024w, https:\/\/mint-team.fr\/wp-content\/uploads\/2024\/02\/K1K1_3_webP-300x185.webp 300w, https:\/\/mint-team.fr\/wp-content\/uploads\/2024\/02\/K1K1_3_webP-768x473.webp 768w, https:\/\/mint-team.fr\/wp-content\/uploads\/2024\/02\/K1K1_3_webP-1536x945.webp 1536w, https:\/\/mint-team.fr\/wp-content\/uploads\/2024\/02\/K1K1_3_webP-2048x1261.webp 2048w\" sizes=\"(max-width: 1024px) 100vw, 1024px\" \/><\/figure><\/div>\n\n\n<hr class=\"wp-block-separator has-alpha-channel-opacity\"\/>\n\n\n\n<p class=\"has-nv-text-dark-bg-color has-text-color has-link-color has-medium-font-size wp-elements-e0dbc756ae8c419ddb6b94e1ef4a53d3\">Thiol Catalysis of Selenosulfide Bond Cleavage by a Triarylphosphine<\/p>\n\n\n\n<p class=\"has-medium-font-size\">Firstova, O.; Melnyk, O.; Diemer, V. J. Org. Chem. <strong>2022<\/strong>, 87, 9426\u20139430.<\/p>\n\n\n\n<p class=\"has-medium-font-size\">DOI: <a href=\"https:\/\/doi.org\/10.1021\/acs.joc.2c00934\">10.1021\/acs.joc.2c00934<\/a><\/p>\n\n\n\n<hr class=\"wp-block-separator has-alpha-channel-opacity\"\/>\n\n\n\n<p class=\"has-nv-text-dark-bg-color has-text-color has-link-color has-medium-font-size wp-elements-57c3991514408afb8d1d09f49558ac73\">Fast Protein Modification in the Nanomolar Concentration Range Using an Oxalyl Amide as Latent Thioester<\/p>\n\n\n\n<p class=\"has-medium-font-size\">Snella, B.&nbsp;; Grain, B.&nbsp;; Vicogne, J&nbsp;; Capet, F.; Wiltschi, B.; Melnyk, O.*; Agouridas, V.* Angew. Chem. Int. Ed. <strong>2022<\/strong>, e202204992.<\/p>\n\n\n\n<p class=\"has-medium-font-size\">DOI: <a href=\"https:\/\/doi.org\/10.1002\/anie.202204992\">10.1002\/anie.202204992<\/a><\/p>\n\n\n<div class=\"wp-block-image\">\n<figure class=\"aligncenter size-full is-resized\"><img loading=\"lazy\" decoding=\"async\" width=\"591\" height=\"558\" src=\"http:\/\/mint-team.fr\/wp-content\/uploads\/2024\/02\/Fmoc-LysoxoSEA.jpg\" alt=\"\" class=\"wp-image-620\" style=\"width:300px\" srcset=\"https:\/\/mint-team.fr\/wp-content\/uploads\/2024\/02\/Fmoc-LysoxoSEA.jpg 591w, https:\/\/mint-team.fr\/wp-content\/uploads\/2024\/02\/Fmoc-LysoxoSEA-300x283.jpg 300w\" sizes=\"(max-width: 591px) 100vw, 591px\" \/><figcaption class=\"wp-element-caption\">Fmoc-Lys(oxoSEA)-OH (X-ray cristal structure)<\/figcaption><\/figure><\/div>\n\n\n<hr class=\"wp-block-separator has-alpha-channel-opacity\"\/>\n\n\n\n<p class=\"has-nv-text-dark-bg-color has-text-color has-link-color has-medium-font-size wp-elements-5d5f1aa90953669c8fd5b1b1ab9cfa75\">Redox-Controlled Chemical Protein Synthesis: Sundry Shades of Latency<\/p>\n\n\n\n<p class=\"has-medium-font-size\">Agouridas, V.&nbsp;; Ollivier, N.&nbsp;; Vicogne, J.&nbsp;; Diemer, V.; Melnyk, O. Acc. Chem. Res. <strong>2022<\/strong>, 55, 2685-2697.<\/p>\n\n\n\n<p class=\"has-medium-font-size\">DOI: <a href=\"https:\/\/www.ncbi.nlm.nih.gov\/pubmed\/36083810\">10.1021\/acs.accounts.2c00436<\/a><\/p>\n\n\n\n<hr class=\"wp-block-separator has-alpha-channel-opacity\"\/>\n\n\n\n<p class=\"has-nv-text-dark-bg-color has-text-color has-link-color has-medium-font-size wp-elements-3321a744fa69d9b1d5f113ae246ed3e0\">Preview article. Protein Desulfurization: Sodium Tetraethylborate Makes It Fast<\/p>\n\n\n\n<p class=\"has-medium-font-size\">Diemer, V.; Melnyk, O. Chem <strong>2022<\/strong>, 8, 2571-2573.<\/p>\n\n\n\n<p class=\"has-medium-font-size\">DOI: <a href=\"https:\/\/doi.org\/10.1016\/j.chempr.2022.09.011\">10.1016\/j.chempr.2022.09.011<\/a><\/p>\n\n\n\n<hr class=\"wp-block-separator has-alpha-channel-opacity\"\/>\n\n\n\n<p class=\"has-nv-text-dark-bg-color has-text-color has-link-color has-medium-font-size wp-elements-b89aa9e3b8627cdfaea583a7e45ce893\">A biomimetic electrostatic catalysis approach for guiding and promoting N-terminal protein chemical modification<\/p>\n\n\n\n<p class=\"has-medium-font-size\">Ollivier, N&nbsp;; S\u00e9n\u00e9chal, M.; Desmet, R.; Snella, B.; Agouridas, V.; Melnyk, O. Nat. Commun. <strong>2022<\/strong>, 13, N\u00b0 6667.<\/p>\n\n\n\n<p class=\"has-medium-font-size\">DOI: <a href=\"https:\/\/doi.org\/10.1038\/s41467-022-34392-5\">10.1038\/s41467-022-34392-5<\/a><\/p>\n\n\n\n<hr class=\"wp-block-separator has-alpha-channel-opacity\"\/>\n\n\n\n<p class=\"has-medium-font-size\">A novel agonist for the HGF receptor MET promotes differentiation of human pluripotent stem cells into hepatocyte-like cells<\/p>\n\n\n\n<p class=\"has-medium-font-size\">Tauran, Y.&nbsp;; Lereau-Bernier, M.&nbsp;; Segard, B. D.&nbsp;; Danoy, M.&nbsp;; Kimura, K.&nbsp;; Shinohara, M.&nbsp;; Brioude, A.&nbsp;; Sakai, Y.&nbsp;; de Jonge, H.&nbsp;; Melnyk, O.&nbsp;; Vicogne, J.&nbsp;; Leclerc, E. Dev Growth Differ. <strong>2022<\/strong>, 64, 527-536.<\/p>\n\n\n\n<p class=\"has-medium-font-size\">DOI: <a href=\"https:\/\/onlinelibrary.wiley.com\/doi\/10.1111\/dgd.12818\">10.1111\/dgd.12818<\/a><\/p>\n\n\n\n<hr class=\"wp-block-separator has-alpha-channel-opacity\"\/>\n\n\n\n<p class=\"has-medium-font-size\">A Self-Purifying Microfluidic System for Identifying Drugs Acting Against Adult Schistosomes\u201d<\/p>\n\n\n\n<p class=\"has-medium-font-size\">Girod, V.&nbsp;; Ghoris, M.-J.&nbsp;; Caby, S.&nbsp;; Melnyk, O.&nbsp;; Dissous, C.&nbsp;; Senez, V.&nbsp;; Vicogne, V.<\/p>\n\n\n\n<p class=\"has-medium-font-size\">Royal Society Open Science <strong>2022<\/strong>, 9, N\u00b0 220648.<\/p>\n\n\n\n<p class=\"has-medium-font-size\">DOI: <a href=\"https:\/\/doi.org\/10.1098\/rsos.220648\">10.1098\/rsos.220648<\/a><\/p>\n\n\n\n<hr class=\"wp-block-separator has-alpha-channel-opacity\"\/>\n\n\n\n<p class=\"has-medium-font-size\">Insights into the Mechanism and Catalysis of Peptide Thioester Synthesis by Alkylselenols Provide a New Tool for Chemical Protein Synthesis<\/p>\n\n\n\n<p class=\"has-medium-font-size\">Kerdraon, F.; Bogard, G.; Snella, B.; Drobecq, H.; Pichavant, M.; Agouridas, V.; Melnyk, O. Molecules <strong>2021<\/strong>, 26, 1386.<\/p>\n\n\n\n<p class=\"has-medium-font-size\">DOI: <a href=\"https:\/\/www.mdpi.com\/1420-3049\/26\/5\/1386\">10.3390\/molecules26051386<\/a><\/p>\n\n\n\n<hr class=\"wp-block-separator has-alpha-channel-opacity\"\/>\n\n\n\n<p class=\"has-medium-font-size\">Strategies and open questions in solid phase protein chemical synthesis<\/p>\n\n\n\n<p class=\"has-medium-font-size\">Agouridas, V.; Diemer, V.; Melnyk, O. Curr. Opin. Chem. Biol. <strong>2020<\/strong>, 58, 1-9.<\/p>\n\n\n\n<p class=\"has-medium-font-size\">DOI: <a href=\"https:\/\/doi.org\/10.1016\/j.cbpa.2020.02.007\" target=\"_blank\" rel=\"noreferrer noopener\">10.1016\/j.cbpa.2020.02.007<\/a><\/p>\n\n\n\n<hr class=\"wp-block-separator has-alpha-channel-opacity\"\/>\n\n\n\n<p class=\"has-medium-font-size\">Natural T cell epitope containing methyl-lysines on mycobacterial heparin-binding hemagglutinin<\/p>\n\n\n\n<p class=\"has-medium-font-size\">Corbi\u00e8re, V.&nbsp;; Segers, J.&nbsp;; Desmet, R.&nbsp;; Lecher, S.&nbsp;; Loyens, M.&nbsp;; Petit, E.&nbsp;; Melnyk, O.&nbsp;; Locht, C.&nbsp;; Mascart, F.<\/p>\n\n\n\n<p class=\"has-medium-font-size\">J. immunol. <strong>2020<\/strong>, 1901214.<\/p>\n\n\n\n<p class=\"has-medium-font-size\">DOI&nbsp;: <a href=\"https:\/\/www.jimmunol.org\/content\/early\/2020\/02\/28\/jimmunol.1901214\">10.4049\/jimmunol.1901214<\/a><\/p>\n\n\n\n<hr class=\"wp-block-separator has-alpha-channel-opacity\"\/>\n\n\n\n<p>A cysteine selenosulfide redox switch for protein chemical synthesis<\/p>\n\n\n\n<p>Diemer, V.&nbsp;; Ollivier, N.&nbsp;; Leclercq, B.&nbsp;; Drobecq, H.&nbsp;; Vicogne, J.&nbsp;; Agouridas, V.&nbsp;; Melnyk, O.<\/p>\n\n\n\n<p>Nat. Commun., <strong>2020<\/strong>, 11, 2558.<\/p>\n\n\n\n<p>DOI&nbsp;: <a href=\"https:\/\/doi.org\/10.1038\/s41467-020-16359-6\">10.1038\/s41467-020-16359-6<\/a><\/p>\n\n\n<div class=\"wp-block-image\">\n<figure class=\"aligncenter size-full\"><img loading=\"lazy\" decoding=\"async\" width=\"782\" height=\"233\" src=\"http:\/\/mint-team.fr\/wp-content\/uploads\/2024\/02\/SetCys-1.jpg\" alt=\"\" class=\"wp-image-632\" srcset=\"https:\/\/mint-team.fr\/wp-content\/uploads\/2024\/02\/SetCys-1.jpg 782w, https:\/\/mint-team.fr\/wp-content\/uploads\/2024\/02\/SetCys-1-300x89.jpg 300w, https:\/\/mint-team.fr\/wp-content\/uploads\/2024\/02\/SetCys-1-768x229.jpg 768w\" sizes=\"(max-width: 782px) 100vw, 782px\" \/><\/figure><\/div>\n\n\n<hr class=\"wp-block-separator has-alpha-channel-opacity\"\/>\n\n\n\n<p class=\"has-medium-font-size\">Comment on \u00ab&nbsp;N-terminal Protein Tail Acts as Aggregation Protective Entropic Bristles&nbsp;: The SUMO Case<\/p>\n\n\n\n<p class=\"has-medium-font-size\">S\u00e9n\u00e9chal, M.&nbsp;; Bouchenna, J.&nbsp;; Vicogne, V.&nbsp;; Melnyk, O. Biomacromolecules, <strong>2020<\/strong>, 8, 3480-3482.<\/p>\n\n\n\n<p class=\"has-medium-font-size\">DOI&nbsp;: <a href=\"https:\/\/pubs.acs.org\/doi\/10.1021\/acs.biomac.0c00185\">10.1021\/acs.biomac.0c00185<\/a><\/p>\n\n\n\n<hr class=\"wp-block-separator has-alpha-channel-opacity\"\/>\n\n\n\n<p class=\"has-medium-font-size\">Catalysis of Hydrazone and Oxime Peptide Ligation by Arginine<\/p>\n\n\n\n<p class=\"has-medium-font-size\">Ollivier, N.; Agouridas, V.; Snella, B.; Desmet, R.; Drobecq, H.; Vicogne, J.; Melnyk, O. Org Lett 2020, 22, 8608-8612.<\/p>\n\n\n\n<p class=\"has-medium-font-size\">DOI&nbsp;: <a href=\"https:\/\/pubs.acs.org\/doi\/10.1021\/acs.orglett.0c03195\">10.1021\/acs.orglett.0c03195<\/a><\/p>\n\n\n\n<hr class=\"wp-block-separator has-alpha-channel-opacity\"\/>\n\n\n\n<p class=\"has-medium-font-size\">Chemical Protein Synthesis in Medicinal Chemistry<\/p>\n\n\n\n<p class=\"has-medium-font-size\">Agouridas, V.; El Mahdi, O.; Melnyk, O. J. Med. Chem. <strong>2020<\/strong>, 63, 15140\u201315152.<\/p>\n\n\n\n<p class=\"has-medium-font-size\">DOI: <a href=\"https:\/\/pubs.acs.org\/doi\/10.1021\/acs.jmedchem.0c01082\">10.1021\/acs.jmedchem.0c01082<\/a><\/p>\n\n\n\n<hr class=\"wp-block-separator has-alpha-channel-opacity\"\/>\n\n\n\n<h2 id=\"wp-block-themeisle-blocks-advanced-heading-2a04a5f6\" class=\"wp-block-themeisle-blocks-advanced-heading wp-block-themeisle-blocks-advanced-heading-2a04a5f6 has-dark-bg\"><a href=\"https:\/\/mint-team.fr\/index.php\/publications-2019-2015\/\" target=\"_blank\" rel=\"noreferrer noopener\">Publications 2019-2015<\/a><\/h2>\n\n\n\n<hr class=\"wp-block-separator has-alpha-channel-opacity\"\/>\n\n\n\n<h2 id=\"wp-block-themeisle-blocks-advanced-heading-5ff39dda\" class=\"wp-block-themeisle-blocks-advanced-heading wp-block-themeisle-blocks-advanced-heading-5ff39dda has-dark-bg\"><a href=\"https:\/\/mint-team.fr\/index.php\/publications_before2015\/\" target=\"_blank\" rel=\"noreferrer noopener\">Publications before 2015<\/a><\/h2>\n\n\n\n<p><\/p>\n\n\n\n<hr class=\"wp-block-separator has-alpha-channel-opacity\"\/>\n<\/div>\n<\/div><\/div>\n\n\n\n<div id=\"wp-block-themeisle-blocks-advanced-columns-576e8e1b\" class=\"wp-block-themeisle-blocks-advanced-columns alignfull has-2-columns has-desktop-equal-layout has-tablet-equal-layout has-mobile-collapsedRows-layout has-vertical-unset has-light-bg\"><div class=\"wp-block-themeisle-blocks-advanced-columns-overlay\"><\/div><div class=\"innerblocks-wrap\">\n<div id=\"wp-block-themeisle-blocks-advanced-column-468f7952\" class=\"wp-block-themeisle-blocks-advanced-column\"><\/div>\n\n\n\n<div id=\"wp-block-themeisle-blocks-advanced-column-10962c7c\" class=\"wp-block-themeisle-blocks-advanced-column\"><\/div>\n<\/div><\/div>\n\n\n\n<div id=\"wp-block-themeisle-blocks-advanced-columns-f7abb3d7\" class=\"wp-block-themeisle-blocks-advanced-columns alignfull has-1-columns has-desktop-equal-layout has-tablet-equal-layout has-mobile-twoColumnGrid-layout has-vertical-unset has-light-bg\"><div class=\"wp-block-themeisle-blocks-advanced-columns-overlay\"><\/div><div class=\"innerblocks-wrap\">\n<div id=\"wp-block-themeisle-blocks-advanced-column-9cd9c625\" class=\"wp-block-themeisle-blocks-advanced-column\">\n<div id=\"wp-block-themeisle-blocks-button-group-68c2682d\" class=\"wp-block-themeisle-blocks-button-group wp-block-buttons align-center\">\n<div id=\"wp-block-themeisle-blocks-button-44627758\" class=\"wp-block-themeisle-blocks-button wp-block-button\"><a href=\"https:\/\/twitter.com\/Melnyk_Group\" target=\"_blank\" rel=\"noopener noreferrer\" class=\"wp-block-button__link\"><i class=\"fab fa-fw fa-twitter\"><\/i><\/a><\/div>\n<\/div>\n\n\n\n<h4 id=\"wp-block-themeisle-blocks-advanced-heading-99e516c7\" class=\"wp-block-themeisle-blocks-advanced-heading wp-block-themeisle-blocks-advanced-heading-99e516c7\"><em>@Melnyk_Group<\/em><\/h4>\n<\/div>\n<\/div><\/div>\n","protected":false},"excerpt":{"rendered":"","protected":false},"author":2,"featured_media":0,"parent":0,"menu_order":0,"comment_status":"closed","ping_status":"closed","template":"page-templates\/template-pagebuilder-full-width.php","meta":{"neve_meta_sidebar":"","neve_meta_container":"","neve_meta_enable_content_width":"","neve_meta_content_width":0,"neve_meta_title_alignment":"","neve_meta_author_avatar":"","neve_post_elements_order":"","neve_meta_disable_header":"","neve_meta_disable_footer":"","neve_meta_disable_title":"","_themeisle_gutenberg_block_has_review":false,"_ti_tpc_template_sync":false,"_ti_tpc_template_id":"","footnotes":""},"_links":{"self":[{"href":"https:\/\/mint-team.fr\/index.php\/wp-json\/wp\/v2\/pages\/652"}],"collection":[{"href":"https:\/\/mint-team.fr\/index.php\/wp-json\/wp\/v2\/pages"}],"about":[{"href":"https:\/\/mint-team.fr\/index.php\/wp-json\/wp\/v2\/types\/page"}],"author":[{"embeddable":true,"href":"https:\/\/mint-team.fr\/index.php\/wp-json\/wp\/v2\/users\/2"}],"replies":[{"embeddable":true,"href":"https:\/\/mint-team.fr\/index.php\/wp-json\/wp\/v2\/comments?post=652"}],"version-history":[{"count":2,"href":"https:\/\/mint-team.fr\/index.php\/wp-json\/wp\/v2\/pages\/652\/revisions"}],"predecessor-version":[{"id":1418,"href":"https:\/\/mint-team.fr\/index.php\/wp-json\/wp\/v2\/pages\/652\/revisions\/1418"}],"wp:attachment":[{"href":"https:\/\/mint-team.fr\/index.php\/wp-json\/wp\/v2\/media?parent=652"}],"curies":[{"name":"wp","href":"https:\/\/api.w.org\/{rel}","templated":true}]}}