{"id":727,"date":"2024-02-16T15:28:31","date_gmt":"2024-02-16T15:28:31","guid":{"rendered":"https:\/\/mint-team.fr\/?page_id=727"},"modified":"2024-10-03T12:11:19","modified_gmt":"2024-10-03T12:11:19","slug":"mint-team-members","status":"publish","type":"page","link":"https:\/\/mint-team.fr\/index.php\/mint-team-members\/","title":{"rendered":"TEAM Members"},"content":{"rendered":"\n<p><\/p>\n\n\n\n<ul>\n<li class=\"has-medium-font-size\">Current Members (click on pictures to access CVs)<\/li>\n<\/ul>\n\n\n\n<div class=\"wp-block-columns is-layout-flex wp-container-core-columns-is-layout-1 wp-block-columns-is-layout-flex\">\n<div class=\"wp-block-column is-layout-flow wp-block-column-is-layout-flow\"><div class=\"wp-block-image\">\n<figure class=\"alignleft size-full is-resized\"><a href=\"https:\/\/mint-team.fr\/index.php\/oleg-melnyk\/\"><img loading=\"lazy\" decoding=\"async\" width=\"1920\" height=\"2560\" src=\"https:\/\/mint-team.fr\/wp-content\/uploads\/2024\/10\/OMelnyk-scaled.jpg\" alt=\"\" class=\"wp-image-1391\" style=\"width:auto;height:300px\" srcset=\"https:\/\/mint-team.fr\/wp-content\/uploads\/2024\/10\/OMelnyk-scaled.jpg 1920w, https:\/\/mint-team.fr\/wp-content\/uploads\/2024\/10\/OMelnyk-225x300.jpg 225w, https:\/\/mint-team.fr\/wp-content\/uploads\/2024\/10\/OMelnyk-768x1024.jpg 768w, https:\/\/mint-team.fr\/wp-content\/uploads\/2024\/10\/OMelnyk-1152x1536.jpg 1152w, https:\/\/mint-team.fr\/wp-content\/uploads\/2024\/10\/OMelnyk-1536x2048.jpg 1536w\" sizes=\"(max-width: 1920px) 100vw, 1920px\" \/><\/a><\/figure><\/div>\n\n\n<p><strong>Dr Oleg Melnyk<\/strong><\/p>\n\n\n\n<p> CNRS<\/p>\n\n\n\n<p>Team leader<\/p>\n<\/div>\n\n\n\n<div class=\"wp-block-column is-layout-flow wp-block-column-is-layout-flow\"><div class=\"wp-block-image\">\n<figure class=\"alignleft size-full is-resized\"><a href=\"https:\/\/mint-team.fr\/index.php\/dr-jerome-vicogne\/\"><img loading=\"lazy\" decoding=\"async\" width=\"251\" height=\"315\" src=\"https:\/\/mint-team.fr\/wp-content\/uploads\/2024\/04\/JV-1.jpg\" alt=\"\" class=\"wp-image-796\" style=\"width:auto;height:300px\" srcset=\"https:\/\/mint-team.fr\/wp-content\/uploads\/2024\/04\/JV-1.jpg 251w, https:\/\/mint-team.fr\/wp-content\/uploads\/2024\/04\/JV-1-239x300.jpg 239w\" sizes=\"(max-width: 251px) 100vw, 251px\" \/><\/a><\/figure><\/div>\n\n\n<p><strong>Dr J\u00e9r\u00f4me Vicogne<\/strong><\/p>\n\n\n\n<p> CNRS<\/p>\n<\/div>\n\n\n\n<div class=\"wp-block-column is-layout-flow wp-block-column-is-layout-flow\"><div class=\"wp-block-image\">\n<figure class=\"alignleft size-full is-resized\"><a href=\"https:\/\/mint-team.fr\/index.php\/dr-vincent-diemer\/\"><img loading=\"lazy\" decoding=\"async\" width=\"336\" height=\"417\" src=\"https:\/\/mint-team.fr\/wp-content\/uploads\/2024\/04\/VD.png\" alt=\"\" class=\"wp-image-798\" style=\"width:auto;height:300px\" srcset=\"https:\/\/mint-team.fr\/wp-content\/uploads\/2024\/04\/VD.png 336w, https:\/\/mint-team.fr\/wp-content\/uploads\/2024\/04\/VD-242x300.png 242w\" sizes=\"(max-width: 336px) 100vw, 336px\" \/><\/a><\/figure><\/div>\n\n\n<p><strong>Dr Vincent Diemer<\/strong><\/p>\n\n\n\n<p>CNRS<\/p>\n<\/div>\n<\/div>\n\n\n\n<div class=\"wp-block-columns is-layout-flex wp-container-core-columns-is-layout-2 wp-block-columns-is-layout-flex\">\n<div class=\"wp-block-column is-layout-flow wp-block-column-is-layout-flow\"><div class=\"wp-block-image\">\n<figure class=\"alignleft size-full is-resized\"><a href=\"https:\/\/mint-team.fr\/index.php\/dr-vangelis-agouridas\/\"><img loading=\"lazy\" decoding=\"async\" width=\"350\" height=\"558\" src=\"https:\/\/mint-team.fr\/wp-content\/uploads\/2024\/04\/VA.jpg\" alt=\"\" class=\"wp-image-837\" style=\"width:auto;height:300px\" srcset=\"https:\/\/mint-team.fr\/wp-content\/uploads\/2024\/04\/VA.jpg 350w, https:\/\/mint-team.fr\/wp-content\/uploads\/2024\/04\/VA-188x300.jpg 188w\" sizes=\"(max-width: 350px) 100vw, 350px\" \/><\/a><\/figure><\/div>\n\n\n<p><strong>Dr Vangelis Agouridas<\/strong><\/p>\n\n\n\n<p> Centrale Lille<\/p>\n<\/div>\n\n\n\n<div class=\"wp-block-column is-layout-flow wp-block-column-is-layout-flow\"><div class=\"wp-block-image\">\n<figure class=\"alignleft size-full is-resized\"><a href=\"https:\/\/mint-team.fr\/index.php\/pr-aurelie-tasiemski\/\"><img loading=\"lazy\" decoding=\"async\" width=\"2059\" height=\"2560\" src=\"http:\/\/mint-team.fr\/wp-content\/uploads\/2024\/04\/AT-2-scaled.jpg\" alt=\"\" class=\"wp-image-830\" style=\"width:auto;height:300px\" srcset=\"https:\/\/mint-team.fr\/wp-content\/uploads\/2024\/04\/AT-2-scaled.jpg 2059w, https:\/\/mint-team.fr\/wp-content\/uploads\/2024\/04\/AT-2-241x300.jpg 241w, https:\/\/mint-team.fr\/wp-content\/uploads\/2024\/04\/AT-2-824x1024.jpg 824w, https:\/\/mint-team.fr\/wp-content\/uploads\/2024\/04\/AT-2-768x955.jpg 768w, https:\/\/mint-team.fr\/wp-content\/uploads\/2024\/04\/AT-2-1236x1536.jpg 1236w, https:\/\/mint-team.fr\/wp-content\/uploads\/2024\/04\/AT-2-1647x2048.jpg 1647w\" sizes=\"(max-width: 2059px) 100vw, 2059px\" \/><\/a><\/figure><\/div>\n\n\n<p><strong>Pr Aur\u00e9lie Tasiemski<\/strong><\/p>\n\n\n\n<p> University of Lille<\/p>\n<\/div>\n<\/div>\n\n\n\n<div class=\"wp-block-columns is-layout-flex wp-container-core-columns-is-layout-3 wp-block-columns-is-layout-flex\">\n<div class=\"wp-block-column is-layout-flow wp-block-column-is-layout-flow\"><div class=\"wp-block-image\">\n<figure class=\"alignleft size-full is-resized\"><a href=\"https:\/\/mint-team.fr\/index.php\/dr-celine-boidin-wichlacz\"><img loading=\"lazy\" decoding=\"async\" width=\"1313\" height=\"1969\" src=\"http:\/\/mint-team.fr\/wp-content\/uploads\/2024\/06\/Celine02.jpg\" alt=\"\" class=\"wp-image-1107\" style=\"width:auto;height:300px\" srcset=\"https:\/\/mint-team.fr\/wp-content\/uploads\/2024\/06\/Celine02.jpg 1313w, https:\/\/mint-team.fr\/wp-content\/uploads\/2024\/06\/Celine02-200x300.jpg 200w, https:\/\/mint-team.fr\/wp-content\/uploads\/2024\/06\/Celine02-683x1024.jpg 683w, https:\/\/mint-team.fr\/wp-content\/uploads\/2024\/06\/Celine02-768x1152.jpg 768w, https:\/\/mint-team.fr\/wp-content\/uploads\/2024\/06\/Celine02-1024x1536.jpg 1024w\" sizes=\"(max-width: 1313px) 100vw, 1313px\" \/><\/a><\/figure><\/div>\n\n\n<p><strong>Dr. C\u00e9line BOIDIN-WICHLACZ<\/strong><\/p>\n\n\n\n<p>CNRS<\/p>\n\n\n\n<p>Research Engineer<\/p>\n<\/div>\n\n\n\n<div class=\"wp-block-column is-layout-flow wp-block-column-is-layout-flow\"><div class=\"wp-block-image\">\n<figure class=\"alignleft size-full is-resized\"><a href=\"https:\/\/mint-team.fr\/index.php\/nathalie-ollivier\"><img loading=\"lazy\" decoding=\"async\" width=\"1116\" height=\"1675\" src=\"http:\/\/mint-team.fr\/wp-content\/uploads\/2024\/09\/Nathalie_2-2.jpg\" alt=\"\" class=\"wp-image-1271\" style=\"width:auto;height:300px\" srcset=\"https:\/\/mint-team.fr\/wp-content\/uploads\/2024\/09\/Nathalie_2-2.jpg 1116w, https:\/\/mint-team.fr\/wp-content\/uploads\/2024\/09\/Nathalie_2-2-200x300.jpg 200w, https:\/\/mint-team.fr\/wp-content\/uploads\/2024\/09\/Nathalie_2-2-682x1024.jpg 682w, https:\/\/mint-team.fr\/wp-content\/uploads\/2024\/09\/Nathalie_2-2-768x1153.jpg 768w, https:\/\/mint-team.fr\/wp-content\/uploads\/2024\/09\/Nathalie_2-2-1023x1536.jpg 1023w\" sizes=\"(max-width: 1116px) 100vw, 1116px\" \/><\/a><\/figure><\/div>\n\n\n<p><strong>Nathalie Ollivier<\/strong><\/p>\n\n\n\n<p>Pasteur Institute of Lille<\/p>\n\n\n\n<p>Research Engineer<\/p>\n<\/div>\n<\/div>\n\n\n\n<div class=\"wp-block-columns is-layout-flex wp-container-core-columns-is-layout-4 wp-block-columns-is-layout-flex\">\n<div class=\"wp-block-column is-layout-flow wp-block-column-is-layout-flow\"><div class=\"wp-block-image\">\n<figure class=\"alignleft size-full is-resized\"><a href=\"https:\/\/mint-team.fr\/index.php\/stephanie-caby\/\"><img loading=\"lazy\" decoding=\"async\" width=\"1536\" height=\"2040\" src=\"https:\/\/mint-team.fr\/wp-content\/uploads\/2024\/09\/StephanieCaby-1.jpg\" alt=\"\" class=\"wp-image-1387\" style=\"width:auto;height:300px\" srcset=\"https:\/\/mint-team.fr\/wp-content\/uploads\/2024\/09\/StephanieCaby-1.jpg 1536w, https:\/\/mint-team.fr\/wp-content\/uploads\/2024\/09\/StephanieCaby-1-226x300.jpg 226w, https:\/\/mint-team.fr\/wp-content\/uploads\/2024\/09\/StephanieCaby-1-771x1024.jpg 771w, https:\/\/mint-team.fr\/wp-content\/uploads\/2024\/09\/StephanieCaby-1-768x1020.jpg 768w, https:\/\/mint-team.fr\/wp-content\/uploads\/2024\/09\/StephanieCaby-1-1157x1536.jpg 1157w\" sizes=\"(max-width: 1536px) 100vw, 1536px\" \/><\/a><\/figure><\/div>\n\n\n<p><strong>St\u00e9phanie Caby<\/strong><\/p>\n\n\n\n<p>Pasteur Institute of Lille<\/p>\n\n\n\n<p>Engineer<\/p>\n\n\n\n<p><\/p>\n<\/div>\n\n\n\n<div class=\"wp-block-column is-layout-flow wp-block-column-is-layout-flow\"><div class=\"wp-block-image\">\n<figure class=\"alignleft size-full is-resized\"><a href=\"https:\/\/mint-team.fr\/index.php\/alexandra-mougel\/\"><img loading=\"lazy\" decoding=\"async\" width=\"454\" height=\"567\" src=\"https:\/\/mint-team.fr\/wp-content\/uploads\/2024\/09\/Photo-Alexandra.jpg\" alt=\"\" class=\"wp-image-1349\" style=\"object-fit:cover;width:299px;height:300px\" srcset=\"https:\/\/mint-team.fr\/wp-content\/uploads\/2024\/09\/Photo-Alexandra.jpg 454w, https:\/\/mint-team.fr\/wp-content\/uploads\/2024\/09\/Photo-Alexandra-240x300.jpg 240w\" sizes=\"(max-width: 454px) 100vw, 454px\" \/><\/a><\/figure><\/div>\n\n\n<p><strong>Alexandra Mougel<\/strong><\/p>\n\n\n\n<p>CNRS<\/p>\n\n\n\n<p>Engineer<\/p>\n<\/div>\n<\/div>\n\n\n\n<div class=\"wp-block-columns is-layout-flex wp-container-core-columns-is-layout-5 wp-block-columns-is-layout-flex\">\n<div class=\"wp-block-column is-layout-flow wp-block-column-is-layout-flow\"><div class=\"wp-block-image\">\n<figure class=\"alignleft size-full is-resized\"><a href=\"https:\/\/mint-team.fr\/index.php\/magalie-senechal\/\"><img loading=\"lazy\" decoding=\"async\" width=\"1266\" height=\"1496\" src=\"https:\/\/mint-team.fr\/wp-content\/uploads\/2024\/09\/Magalie_2.jpg\" alt=\"\" class=\"wp-image-1331\" style=\"width:auto;height:300px\" srcset=\"https:\/\/mint-team.fr\/wp-content\/uploads\/2024\/09\/Magalie_2.jpg 1266w, https:\/\/mint-team.fr\/wp-content\/uploads\/2024\/09\/Magalie_2-254x300.jpg 254w, https:\/\/mint-team.fr\/wp-content\/uploads\/2024\/09\/Magalie_2-867x1024.jpg 867w, https:\/\/mint-team.fr\/wp-content\/uploads\/2024\/09\/Magalie_2-768x908.jpg 768w\" sizes=\"(max-width: 1266px) 100vw, 1266px\" \/><\/a><\/figure><\/div>\n\n\n<p><strong>Magalie S\u00e9n\u00e9chal<\/strong><\/p>\n\n\n\n<p>CNRS<\/p>\n\n\n\n<p>Assistant Engineer<\/p>\n<\/div>\n\n\n\n<div class=\"wp-block-column is-layout-flow wp-block-column-is-layout-flow\"><div class=\"wp-block-image\">\n<figure class=\"alignleft size-full is-resized\"><img loading=\"lazy\" decoding=\"async\" width=\"1158\" height=\"1544\" src=\"https:\/\/mint-team.fr\/wp-content\/uploads\/2024\/10\/Benoit-SNELLA.jpg\" alt=\"\" class=\"wp-image-1407\" style=\"width:auto;height:300px\" srcset=\"https:\/\/mint-team.fr\/wp-content\/uploads\/2024\/10\/Benoit-SNELLA.jpg 1158w, https:\/\/mint-team.fr\/wp-content\/uploads\/2024\/10\/Benoit-SNELLA-225x300.jpg 225w, https:\/\/mint-team.fr\/wp-content\/uploads\/2024\/10\/Benoit-SNELLA-768x1024.jpg 768w, https:\/\/mint-team.fr\/wp-content\/uploads\/2024\/10\/Benoit-SNELLA-1152x1536.jpg 1152w\" sizes=\"(max-width: 1158px) 100vw, 1158px\" \/><\/figure><\/div>\n\n\n<p><strong>Beno\u00eet Snella<\/strong><\/p>\n\n\n\n<p>Pasteur Institute of Lille<\/p>\n\n\n\n<p>Technician in peptide chemistry<\/p>\n<\/div>\n<\/div>\n\n\n\n<div class=\"wp-block-columns is-layout-flex wp-container-core-columns-is-layout-6 wp-block-columns-is-layout-flex\">\n<div class=\"wp-block-column is-layout-flow wp-block-column-is-layout-flow\"><div class=\"wp-block-image\">\n<figure class=\"alignleft size-full is-resized\"><a href=\"https:\/\/mint-team.fr\/index.php\/aurelie-djemat-parmentier\/\"><img loading=\"lazy\" decoding=\"async\" width=\"181\" height=\"270\" src=\"http:\/\/mint-team.fr\/wp-content\/uploads\/2024\/09\/AurelieParmentier.jpg\" alt=\"\" class=\"wp-image-1279\" style=\"width:auto;height:300px\"\/><\/a><\/figure><\/div>\n\n\n<p><strong>Aur\u00e9lie Djemat-Parmentier<\/strong><\/p>\n\n\n\n<p>CNRS<\/p>\n\n\n\n<p>Animal technician<\/p>\n<\/div>\n\n\n\n<div class=\"wp-block-column is-layout-flow wp-block-column-is-layout-flow\"><div class=\"wp-block-image\">\n<figure class=\"alignleft size-full is-resized\"><img loading=\"lazy\" decoding=\"async\" width=\"600\" height=\"600\" src=\"http:\/\/mint-team.fr\/wp-content\/uploads\/2024\/04\/Home_entree_GB1.png\" alt=\"\" class=\"wp-image-778\" style=\"width:auto;height:300px\" srcset=\"https:\/\/mint-team.fr\/wp-content\/uploads\/2024\/04\/Home_entree_GB1.png 600w, https:\/\/mint-team.fr\/wp-content\/uploads\/2024\/04\/Home_entree_GB1-300x300.png 300w, https:\/\/mint-team.fr\/wp-content\/uploads\/2024\/04\/Home_entree_GB1-150x150.png 150w\" sizes=\"(max-width: 600px) 100vw, 600px\" \/><\/figure><\/div>\n\n\n<p><strong>R\u00e9mi Desmet<\/strong><\/p>\n\n\n\n<p>Pasteur Institute of Lille<\/p>\n\n\n\n<p>Technician in peptide chemistry<\/p>\n<\/div>\n<\/div>\n\n\n\n<div class=\"wp-block-columns is-layout-flex wp-container-core-columns-is-layout-7 wp-block-columns-is-layout-flex\">\n<div class=\"wp-block-column is-layout-flow wp-block-column-is-layout-flow\"><div class=\"wp-block-image\">\n<figure class=\"alignleft size-full is-resized\"><a href=\"https:\/\/mint-team.fr\/index.php\/eliott-roy-cv\/\"><img loading=\"lazy\" decoding=\"async\" width=\"1258\" height=\"2117\" src=\"http:\/\/mint-team.fr\/wp-content\/uploads\/2024\/06\/Photo-CV-Eliott-Roy-3.jpg\" alt=\"\" class=\"wp-image-1161\" style=\"width:auto;height:300px\" srcset=\"https:\/\/mint-team.fr\/wp-content\/uploads\/2024\/06\/Photo-CV-Eliott-Roy-3.jpg 1258w, https:\/\/mint-team.fr\/wp-content\/uploads\/2024\/06\/Photo-CV-Eliott-Roy-3-178x300.jpg 178w, https:\/\/mint-team.fr\/wp-content\/uploads\/2024\/06\/Photo-CV-Eliott-Roy-3-608x1024.jpg 608w, https:\/\/mint-team.fr\/wp-content\/uploads\/2024\/06\/Photo-CV-Eliott-Roy-3-768x1292.jpg 768w, https:\/\/mint-team.fr\/wp-content\/uploads\/2024\/06\/Photo-CV-Eliott-Roy-3-913x1536.jpg 913w, https:\/\/mint-team.fr\/wp-content\/uploads\/2024\/06\/Photo-CV-Eliott-Roy-3-1217x2048.jpg 1217w\" sizes=\"(max-width: 1258px) 100vw, 1258px\" \/><\/a><\/figure><\/div>\n\n\n<p><strong>Eliott Roy<\/strong><\/p>\n\n\n\n<p>PhD student<\/p>\n\n\n\n<p><\/p>\n<\/div>\n\n\n\n<div class=\"wp-block-column is-layout-flow wp-block-column-is-layout-flow\"><div class=\"wp-block-image\">\n<figure class=\"alignleft size-full is-resized\"><a href=\"https:\/\/mint-team.fr\/index.php\/julie-di-adamo-cv\/\"><img loading=\"lazy\" decoding=\"async\" width=\"763\" height=\"1290\" src=\"https:\/\/mint-team.fr\/wp-content\/uploads\/2024\/06\/Photo-Julie-Di-Adamo-1.jpg\" alt=\"\" class=\"wp-image-1151\" style=\"width:174px;height:auto\" srcset=\"https:\/\/mint-team.fr\/wp-content\/uploads\/2024\/06\/Photo-Julie-Di-Adamo-1.jpg 763w, https:\/\/mint-team.fr\/wp-content\/uploads\/2024\/06\/Photo-Julie-Di-Adamo-1-177x300.jpg 177w, https:\/\/mint-team.fr\/wp-content\/uploads\/2024\/06\/Photo-Julie-Di-Adamo-1-606x1024.jpg 606w\" sizes=\"(max-width: 763px) 100vw, 763px\" \/><\/a><\/figure><\/div>\n\n\n<p><strong>Julie Di Adamo<\/strong><\/p>\n\n\n\n<p>PhD student<\/p>\n<\/div>\n<\/div>\n\n\n\n<div class=\"wp-block-columns is-layout-flex wp-container-core-columns-is-layout-8 wp-block-columns-is-layout-flex\">\n<div class=\"wp-block-column is-layout-flow wp-block-column-is-layout-flow\"><div class=\"wp-block-image\">\n<figure class=\"alignleft size-full is-resized\"><a href=\"https:\/\/mint-team.fr\/index.php\/robin-houssier\/\"><img loading=\"lazy\" decoding=\"async\" width=\"1588\" height=\"2657\" src=\"https:\/\/mint-team.fr\/wp-content\/uploads\/2024\/06\/photoCV_RobinHoussier.png\" alt=\"\" class=\"wp-image-1165\" style=\"width:auto;height:300px\" srcset=\"https:\/\/mint-team.fr\/wp-content\/uploads\/2024\/06\/photoCV_RobinHoussier.png 1588w, https:\/\/mint-team.fr\/wp-content\/uploads\/2024\/06\/photoCV_RobinHoussier-179x300.png 179w, https:\/\/mint-team.fr\/wp-content\/uploads\/2024\/06\/photoCV_RobinHoussier-612x1024.png 612w, https:\/\/mint-team.fr\/wp-content\/uploads\/2024\/06\/photoCV_RobinHoussier-768x1285.png 768w, https:\/\/mint-team.fr\/wp-content\/uploads\/2024\/06\/photoCV_RobinHoussier-918x1536.png 918w, https:\/\/mint-team.fr\/wp-content\/uploads\/2024\/06\/photoCV_RobinHoussier-1224x2048.png 1224w\" sizes=\"(max-width: 1588px) 100vw, 1588px\" \/><\/a><\/figure><\/div>\n\n\n<p><strong>Robin Houssier<\/strong><\/p>\n\n\n\n<p>PhD student<\/p>\n\n\n\n<p><\/p>\n<\/div>\n\n\n\n<div class=\"wp-block-column is-layout-flow wp-block-column-is-layout-flow\"><div class=\"wp-block-image\">\n<figure class=\"alignleft size-full is-resized\"><a href=\"https:\/\/mint-team.fr\/index.php\/chen-wang-cv\/\"><img loading=\"lazy\" decoding=\"async\" width=\"783\" height=\"1321\" src=\"https:\/\/mint-team.fr\/wp-content\/uploads\/2024\/06\/Chen-Wang-picture.jpg\" alt=\"\" class=\"wp-image-1167\" style=\"width:174px;height:auto\" srcset=\"https:\/\/mint-team.fr\/wp-content\/uploads\/2024\/06\/Chen-Wang-picture.jpg 783w, https:\/\/mint-team.fr\/wp-content\/uploads\/2024\/06\/Chen-Wang-picture-178x300.jpg 178w, https:\/\/mint-team.fr\/wp-content\/uploads\/2024\/06\/Chen-Wang-picture-607x1024.jpg 607w, https:\/\/mint-team.fr\/wp-content\/uploads\/2024\/06\/Chen-Wang-picture-768x1296.jpg 768w\" sizes=\"(max-width: 783px) 100vw, 783px\" \/><\/a><\/figure><\/div>\n\n\n<p><strong>Chen Wang<\/strong><\/p>\n\n\n\n<p>PhD student<\/p>\n<\/div>\n<\/div>\n\n\n\n<div class=\"wp-block-columns is-layout-flex wp-container-core-columns-is-layout-9 wp-block-columns-is-layout-flex\">\n<div class=\"wp-block-column is-layout-flow wp-block-column-is-layout-flow\"><div class=\"wp-block-image\">\n<figure class=\"alignleft size-full is-resized\"><a href=\"https:\/\/mint-team.fr\/index.php\/francesco-terzani-cv\/\"><img loading=\"lazy\" decoding=\"async\" width=\"231\" height=\"388\" src=\"http:\/\/mint-team.fr\/wp-content\/uploads\/2024\/06\/Francesco-Terzani-photo.jpg\" alt=\"\" class=\"wp-image-1183\" style=\"width:auto;height:300px\" srcset=\"https:\/\/mint-team.fr\/wp-content\/uploads\/2024\/06\/Francesco-Terzani-photo.jpg 231w, https:\/\/mint-team.fr\/wp-content\/uploads\/2024\/06\/Francesco-Terzani-photo-179x300.jpg 179w\" sizes=\"(max-width: 231px) 100vw, 231px\" \/><\/a><\/figure><\/div>\n\n\n<p><strong>Dr<\/strong> <strong>Francesco Terzani<\/strong><\/p>\n\n\n\n<p>Postdoctoral researcher<\/p>\n<\/div>\n\n\n\n<div class=\"wp-block-column is-layout-flow wp-block-column-is-layout-flow\"><div class=\"wp-block-image\">\n<figure class=\"alignleft size-full is-resized\"><a href=\"https:\/\/mint-team.fr\/index.php\/julien-lancelot\/\"><img loading=\"lazy\" decoding=\"async\" width=\"1898\" height=\"2560\" src=\"http:\/\/mint-team.fr\/wp-content\/uploads\/2024\/08\/Photo-CV-Julien-L-scaled.jpg\" alt=\"\" class=\"wp-image-1225\" style=\"object-fit:cover;width:174px;height:300px\" srcset=\"https:\/\/mint-team.fr\/wp-content\/uploads\/2024\/08\/Photo-CV-Julien-L-scaled.jpg 1898w, https:\/\/mint-team.fr\/wp-content\/uploads\/2024\/08\/Photo-CV-Julien-L-222x300.jpg 222w, https:\/\/mint-team.fr\/wp-content\/uploads\/2024\/08\/Photo-CV-Julien-L-759x1024.jpg 759w, https:\/\/mint-team.fr\/wp-content\/uploads\/2024\/08\/Photo-CV-Julien-L-768x1036.jpg 768w, https:\/\/mint-team.fr\/wp-content\/uploads\/2024\/08\/Photo-CV-Julien-L-1139x1536.jpg 1139w, https:\/\/mint-team.fr\/wp-content\/uploads\/2024\/08\/Photo-CV-Julien-L-1518x2048.jpg 1518w\" sizes=\"(max-width: 1898px) 100vw, 1898px\" \/><\/a><\/figure><\/div>\n\n\n<p><strong>Dr<\/strong> <strong>Julien Lancelot<\/strong><\/p>\n\n\n\n<p>Postdoctoral researcher<\/p>\n<\/div>\n<\/div>\n\n\n\n<p><\/p>\n","protected":false},"excerpt":{"rendered":"<p>Dr Oleg Melnyk CNRS Team leader Dr J\u00e9r\u00f4me Vicogne CNRS Dr Vincent Diemer CNRS Dr Vangelis Agouridas Centrale Lille Pr Aur\u00e9lie Tasiemski University of Lille Dr. C\u00e9line BOIDIN-WICHLACZ CNRS Research Engineer Nathalie Ollivier Pasteur Institute of Lille Research Engineer St\u00e9phanie Caby Pasteur Institute of Lille Engineer Alexandra Mougel CNRS Engineer Magalie S\u00e9n\u00e9chal CNRS Assistant Engineer&hellip;&nbsp;<a href=\"https:\/\/mint-team.fr\/index.php\/mint-team-members\/\" class=\"\" rel=\"bookmark\">Read More &raquo;<span class=\"screen-reader-text\">TEAM Members<\/span><\/a><\/p>\n","protected":false},"author":1,"featured_media":0,"parent":0,"menu_order":0,"comment_status":"closed","ping_status":"closed","template":"","meta":{"neve_meta_sidebar":"","neve_meta_container":"","neve_meta_enable_content_width":"","neve_meta_content_width":0,"neve_meta_title_alignment":"","neve_meta_author_avatar":"","neve_post_elements_order":"","neve_meta_disable_header":"","neve_meta_disable_footer":"","neve_meta_disable_title":"","_themeisle_gutenberg_block_has_review":false,"_ti_tpc_template_sync":false,"_ti_tpc_template_id":"","footnotes":""},"_links":{"self":[{"href":"https:\/\/mint-team.fr\/index.php\/wp-json\/wp\/v2\/pages\/727"}],"collection":[{"href":"https:\/\/mint-team.fr\/index.php\/wp-json\/wp\/v2\/pages"}],"about":[{"href":"https:\/\/mint-team.fr\/index.php\/wp-json\/wp\/v2\/types\/page"}],"author":[{"embeddable":true,"href":"https:\/\/mint-team.fr\/index.php\/wp-json\/wp\/v2\/users\/1"}],"replies":[{"embeddable":true,"href":"https:\/\/mint-team.fr\/index.php\/wp-json\/wp\/v2\/comments?post=727"}],"version-history":[{"count":2,"href":"https:\/\/mint-team.fr\/index.php\/wp-json\/wp\/v2\/pages\/727\/revisions"}],"predecessor-version":[{"id":1408,"href":"https:\/\/mint-team.fr\/index.php\/wp-json\/wp\/v2\/pages\/727\/revisions\/1408"}],"wp:attachment":[{"href":"https:\/\/mint-team.fr\/index.php\/wp-json\/wp\/v2\/media?parent=727"}],"curies":[{"name":"wp","href":"https:\/\/api.w.org\/{rel}","templated":true}]}}