{"id":731,"date":"2024-04-08T06:45:00","date_gmt":"2024-04-08T06:45:00","guid":{"rendered":"https:\/\/mint-team.fr\/?page_id=731"},"modified":"2024-04-08T07:08:57","modified_gmt":"2024-04-08T07:08:57","slug":"publications-2019-2015","status":"publish","type":"page","link":"https:\/\/mint-team.fr\/index.php\/publications-2019-2015\/","title":{"rendered":"Publications  2019-2015"},"content":{"rendered":"\n<ul>\n<li class=\"has-medium-font-size\" style=\"font-style:normal;font-weight:500;letter-spacing:2px;text-decoration:underline;text-transform:none\">2019<\/li>\n<\/ul>\n\n\n\n<figure class=\"wp-block-table has-medium-font-size\"><table style=\"border-style:none;border-width:0px\"><tbody><tr><td>Agouridas, V.; El Mahdi, O.; Diemer, V.; Cargo\u00ebt, M.;&nbsp; Monbaliu, J.-C. M.; Melnyk, O. Native Chemical Ligation and Extended Methods: Mechanisms,Catalysis, Scope, and Limitations. <em>Chem. Rev.<\/em> <strong>2019<\/strong>, <em>119<\/em>, 7328-7443.<\/td><\/tr><tr><td>Bouchenna, J.; S\u00e9n\u00e9chal, M.; Drobecq, H.; Vicogne, J.; Melnyk, O. Total Chemical Synthesis of All SUMO-2\/3 Dimer Combinations. <em>Bioconjugate Chem.<\/em> <strong>2019<\/strong>, <em>30,<\/em> 2967-2973.<\/td><\/tr><tr><td>Bouchenna, J.; S\u00e9n\u00e9chal, M.; Drobecq, H.; Stankovic-Valentin, N.; Vicogne, J.; Melnyk, O. The Role of the Conserved SUMO-2\/3 Cysteine Residue on Domain Structure Investigated Using Protein Chemical Synthesis. <em>Bioconjugate Chem.<\/em> <strong>2019<\/strong>, <em>30<\/em>, 2684-2696.<\/td><\/tr><\/tbody><\/table><\/figure>\n\n\n\n<ul>\n<li class=\"has-medium-font-size\" style=\"font-style:normal;font-weight:500;letter-spacing:2px;text-decoration:underline;text-transform:none\">2018<\/li>\n<\/ul>\n\n\n\n<figure class=\"wp-block-table has-medium-font-size\"><table style=\"border-style:none;border-width:0px\"><tbody><tr><td>Mekki, M. S.; Mougel, A.; Vinchent, A.; Paquet, C.; Copin, M. C.; Leroy, C.; Kherrouche, Z.; Bonte, J. P.; Melnyk, O.; Vicogne, J.; Tulasne, D. Hypoxia leads to decreased autophosphorylation of the MET receptor and promotes its resistance to tyrosine kinase inhibitors. <em>Oncotarget<\/em> <strong>2018<\/strong>,<em> 9<\/em>, 27039-27058.<\/td><\/tr><tr><td>Ollivier, N.; Toupy, T.; Haartkorn, R. C.; Desmet, R.; Monbaliu, J.-C. M.; Melnyk, O. Accelerated microfluidic native chemical ligation at difficult amino acids toward cyclic peptides. <em>Nat. Commun.<\/em> <strong>2018<\/strong>, <em>9<\/em>, 2847<\/td><\/tr><tr><td>Cargo\u00ebt, M.; Diemer, V.; Snella, B.; Desmet, R.; Blanpain, A.; Drobecq, H.;&nbsp;Agouridas, V.; Melnyk O. Catalysis of Thiol\u2013Thioester Exchange by Water-Soluble Alkyldiselenols Applied to the Synthesis of Peptide Thioesters and SEA-Mediated Ligation.<em> J. Org. Chem.<\/em><strong> 2018<\/strong>,<em> 83<\/em>, 12584-12594&nbsp;<\/td><\/tr><tr><td>Snella, B.; Diemer, V.; Drobecq, H.; Agouridas, V.; Melnyk, O. Native Chemical Ligation at Serine revisited. <em>Org. Lett.<\/em> <strong>2018<\/strong>, <em>20<\/em>, 7616-7619<\/td><\/tr><tr><td>Cuvillier-Hot, V.; Gaudron, S. M.; Massol, F.; Boidin-Wichlacz, C.; Pennel, T.; Lesven, L.; Net, S.; Papot, C.; Ravaux, J.; Vekemans, X.; Billon, G.; Tasiemski, A. Immune failure reveals vulnerability of populations exposed to pollution in the bioindicator species Hediste diversicolor.<em> STOTEN<\/em> <strong>2018<\/strong>, <em>613-614<\/em>, 1527-1542.<\/td><\/tr><\/tbody><\/table><\/figure>\n\n\n\n<ul>\n<li class=\"has-medium-font-size\" style=\"font-style:normal;font-weight:500;letter-spacing:2px;text-decoration:underline;text-transform:none\">2017<\/li>\n<\/ul>\n\n\n\n<figure class=\"wp-block-table has-medium-font-size\"><table style=\"border-style:none;border-width:0px\"><tbody><tr><td>Papot, C.; Massol, F.; Jollivet, D.; Tasiemski, A. Antagonistic evolution of an antibiotic and its molecular chaperone: How to maintain a vital ectosymbiosis in a highly fluctuating habitat. <em>Scientific Reports<\/em> <strong>2017,<\/strong> 7, 1454.<\/td><\/tr><tr><td>Agouridas, V.; El Mahdi, O.; Cargo\u00ebt, M.; Melnyk, O. A statistical view of protein chemical synthesis using NCL and extended methodologies. <em>Bioorg. Med. Chem.<\/em><strong> 2017<\/strong>,<em> 25<\/em>, 4938-4945<\/td><\/tr><tr><td>Ollivier, N.; Desmet, R.; Drobecq, H.; Blanpain, A.; Boll, E.; Leclercq, B.; Mougel, A.; Vicogne, J.; Melnyk, O. A simple and traceless solid phase method simplifies the assembly of large peptides and the access to challenging proteins. <em>Chem. Sci.<\/em> <strong>2017<\/strong>, <em>8<\/em>, 5362-5370<\/td><\/tr><tr><td>Gratzer, K.; Diemer, V.; Clayden, J. Signal transduction in oligoamide foldamers by selective non-covalent binding of chiral phosphates at a urea binding site. <em>Org. Biomol. Chem.<\/em> <strong>2017<\/strong>, <em>15<\/em>, 3585-3589.<\/td><\/tr><tr><td>B\u00e9cart, D.; Diemer, V.; Sala\u00fcn, A.; Oiarbide, M.; Reddy Nelli, Y.; Kauffmann, B.; Fischer, L.; Palomo, C.; Guichard, G. Helical Oligourea Foldamers as Powerful Hydrogen Bonding Catalysts for Enantioselective C-C Bond Forming Reactions<em> J. Am. Chem. Soc. <\/em><strong>2017<\/strong>, <em>139<\/em>, 12524-12532.<\/td><\/tr><tr><td>Diemer, V.; Maury, J.; Le Bailly, B. A. F.; Webb, S. J.; Clayden, J. Dibenzazepinyl ureas as dual NMR and CD probes of helical screw-sense preference in conformationally equilibrating dynamic foldamers. <em>Chem. Commun.<\/em> <strong>2017<\/strong>, <em>53<\/em>, 10768-10771.<\/td><\/tr><\/tbody><\/table><\/figure>\n\n\n\n<ul>\n<li class=\"has-medium-font-size\" style=\"font-style:normal;font-weight:500;letter-spacing:2px;text-decoration:underline;text-transform:none\">2016<\/li>\n<\/ul>\n\n\n\n<figure class=\"wp-block-table has-medium-font-size\"><table style=\"border-style:none;border-width:0px\"><tbody><tr><td>Melnyk, O.; Vicogne, J. Total chemical synthesis of SUMO proteins. <em>Tetrahedron Lett.<\/em> <strong>2016<\/strong>,<em> 57<\/em>, 4319-4324<\/td><\/tr><tr><td>Boll, E.; Drobecq, H.; Lissy, E.; Cantrelle, F.-X.; Melnyk, O. Kinetically Controlled Chemoselective Cyclization Simplifies the Access to Cyclic and Branched Peptides. <em>Org. Lett.<\/em> <strong>2016<\/strong>, <em>18<\/em>, 3842-3845<\/td><\/tr><tr><td>Drobecq, H.; Boll, E.; S\u00e9n\u00e9chal, M.; Desmet, R.; Saliou, J.-M.; Lacap\u00e8re, J.-J.; Mougel, A.; Vicogne, J.; Melnyk O. A Central Cysteine Residue Is Essential for the Thermal Stability and Function of SUMO-1 Protein and SUMO-1 Peptide-Protein Conjugates. <em>Bioconjugate Chem.<\/em> <strong>2016<\/strong>,<em> 27<\/em>, 1540-1546<\/td><\/tr><tr><td>Raibaut, L.; Cargo\u00ebt, M.; Ollivier, N.; Chang, Y. M.; Drobecq, H.; Boll, E.; Desmet, R.; Monbaliu, J.-C. M.; Melnyk O. Accelerating chemoselective peptide bond formation using bis(2-selenylethyl)amido peptide selenoester surrogates. <em>Chem. Sci.<\/em><strong> 2016<\/strong>, <em>7<\/em>, 2657-2665<\/td><\/tr><tr><td>Pira, S. L.; El Mahdi, O.; Raibaut, L.; Drobecq, H.; Dheur, J.; Boll, E.; Melnyk O. Insight into the SEA amide thioester equilibrium. Application to the synthesis of thioesters at neutral pH. <em>Org. Biomol. Chem.<\/em><strong> 2016<\/strong>, <em>14<\/em>, 7211-7216<\/td><\/tr><tr><td>Length-Dependent Formation of Transmembrane Pores by 310-Helical \u03b1-Aminoisobutyric Acid Foldamers. Jones, J. E., Diemer, V.; Adam C.; Raftery, J.; Ruscoe, R. E.; Sengel, J. T.; Wallace, M. I.; Bader, A.; Cockroft, S. L.; Clayden, J.; Webb, S. J. <em>J. Am. Chem. Soc.<\/em> <strong>2016<\/strong>, <em>138<\/em>, 688-695.<\/td><\/tr><tr><td>Diemer, V.; Fischer, L.; Kauffmann, B.; Guichard, G. Anion Recognition by Aliphatic Helical Oligoureas. <em>Chemistry<\/em> <strong>2016<\/strong>, <em>22<\/em>, 15684-15692.<\/td><\/tr><\/tbody><\/table><\/figure>\n\n\n\n<ul>\n<li class=\"has-medium-font-size\" style=\"font-style:normal;font-weight:500;letter-spacing:2px;text-decoration:underline;text-transform:none\">2015<\/li>\n<\/ul>\n\n\n\n<figure class=\"wp-block-table has-medium-font-size\"><table style=\"border-style:none;border-width:0px\"><tbody><tr><td>Raibaut, L.; El Mahdi, O.; Melnyk, O. Solid phase protein chemical synthesis. <em>Top. Curr. Chem. <\/em><strong>2015<\/strong>,<em> 363<\/em>, 154<\/td><\/tr><tr><td>Raibaut, L.; Drobecq, H.; Melnyk, O. Selectively Activatable Latent Thiol and Selenolesters Simplify the Access to Cyclic or Branched Peptide Scaffolds. <em>Org. Lett. <\/em><strong>2015<\/strong>,<em> 17<\/em>, 3636-3639<\/td><\/tr><tr><td>Tasiemski, A.; Rodet, F.; Boidin-Wichlacz, C.; Vuillaume, C.; Slomianny, C.; Salzet, M. Hm-MyD88 and Hm-SARM : two key regulators of the neuroimmune system and neural repair in the medicinal leech. <em>Sci. Rep.<\/em> <strong>2015<\/strong>, <em>5<\/em>, 9624.<\/td><\/tr><tr><td>Tasiemski, A.; Massol, F.; Cuvillier, V.; Boidin-Wichlacz, C.; Roger, E.; Rodet, F.; Fournier, I.; Thomas, F.; Salzet, M. Reciprocal immune benefit based on complementary production of antibiotics by the leech Hirudo verbana and its gut symbiont Aeromonas veronii. Sci. Rep. <strong>2015<\/strong>, 5, 17498<\/td><\/tr><tr><td>Desmet, R.; Pauzuolis, M.; Boll, E.; Drobecq, H.; Raibaut, L.; Melnyk, O. Synthesis of Unprotected Linear or Cyclic O-Acyl Isopeptides in Water Using Bis(2-sulfanylethyl)amido Peptide Ligation.<em> Org. Lett. <\/em><strong>2015<\/strong>,<em> 17<\/em>, 3354-3357<\/td><\/tr><tr><td>Simonneau, C.; Leclercq, B.; Mougel, A.; Adriaenssens, E.; Paquet, C.; Raibaut, L.; Ollivier, N.; Drobecq, H.; Marcoux, J.; Cianf\u00e9rani, S.; Tulasne, D.; De Jonge, H.; Melnyk, O.; Vicogne, J. Semi-synthesis of a HGF\/SF kringle one (K1) domain scaffold generates a potent in vivo MET receptor agonist. <em>Chem. Sci. <\/em><strong>2015<\/strong>,<em> 6<\/em>, 2110-2121<\/td><\/tr><tr><td>Boll, E.; Ebran, J.-P.; Drobecq H.; El-Mahdi O.; Raibaut L.; Ollivier N.; Melnyk O. Access to Large Cyclic Peptides by a One-Pot Two-Peptide Segment Ligation\/Cyclization Process. <em>Org. Lett. <\/em><strong>2015<\/strong>,<em> 17<\/em>, 130-133<\/td><\/tr><tr><td>Boll, E.; Drobecq, H.; Ollivier, N.; Blanpain, A.; Raibaut, L.; Desmet, R.; Vicogne, J.; Melnyk, O. One-pot chemical synthesis of small ubiquitin-like modifier protein-peptide conjugates using bis(2-sulfanylethyl)amido peptide latent thioester surrogates. <em>Nat. Protocols<\/em> <strong>2015<\/strong>, <em>10<\/em>, 269-292<\/td><\/tr><\/tbody><\/table><\/figure>\n","protected":false},"excerpt":{"rendered":"<p>Agouridas, V.; El Mahdi, O.; Diemer, V.; Cargo\u00ebt, M.;&nbsp; Monbaliu, J.-C. M.; Melnyk, O. Native Chemical Ligation and Extended Methods: Mechanisms,Catalysis, Scope, and Limitations. Chem. Rev. 2019, 119, 7328-7443. Bouchenna, J.; S\u00e9n\u00e9chal, M.; Drobecq, H.; Vicogne, J.; Melnyk, O. Total Chemical Synthesis of All SUMO-2\/3 Dimer Combinations. Bioconjugate Chem. 2019, 30, 2967-2973. Bouchenna, J.; S\u00e9n\u00e9chal,&hellip;&nbsp;<a href=\"https:\/\/mint-team.fr\/index.php\/publications-2019-2015\/\" class=\"\" rel=\"bookmark\">Read More &raquo;<span class=\"screen-reader-text\">Publications  2019-2015<\/span><\/a><\/p>\n","protected":false},"author":2,"featured_media":0,"parent":0,"menu_order":0,"comment_status":"closed","ping_status":"closed","template":"","meta":{"neve_meta_sidebar":"","neve_meta_container":"","neve_meta_enable_content_width":"","neve_meta_content_width":0,"neve_meta_title_alignment":"","neve_meta_author_avatar":"","neve_post_elements_order":"","neve_meta_disable_header":"","neve_meta_disable_footer":"","neve_meta_disable_title":"","_themeisle_gutenberg_block_has_review":false,"_ti_tpc_template_sync":false,"_ti_tpc_template_id":"","footnotes":""},"_links":{"self":[{"href":"https:\/\/mint-team.fr\/index.php\/wp-json\/wp\/v2\/pages\/731"}],"collection":[{"href":"https:\/\/mint-team.fr\/index.php\/wp-json\/wp\/v2\/pages"}],"about":[{"href":"https:\/\/mint-team.fr\/index.php\/wp-json\/wp\/v2\/types\/page"}],"author":[{"embeddable":true,"href":"https:\/\/mint-team.fr\/index.php\/wp-json\/wp\/v2\/users\/2"}],"replies":[{"embeddable":true,"href":"https:\/\/mint-team.fr\/index.php\/wp-json\/wp\/v2\/comments?post=731"}],"version-history":[{"count":2,"href":"https:\/\/mint-team.fr\/index.php\/wp-json\/wp\/v2\/pages\/731\/revisions"}],"predecessor-version":[{"id":738,"href":"https:\/\/mint-team.fr\/index.php\/wp-json\/wp\/v2\/pages\/731\/revisions\/738"}],"wp:attachment":[{"href":"https:\/\/mint-team.fr\/index.php\/wp-json\/wp\/v2\/media?parent=731"}],"curies":[{"name":"wp","href":"https:\/\/api.w.org\/{rel}","templated":true}]}}